{"id":350,"date":"2025-01-04T12:16:53","date_gmt":"2025-01-04T11:16:53","guid":{"rendered":"https:\/\/sollalafami.com\/index.php\/mon-recueil-2\/"},"modified":"2025-11-14T08:35:58","modified_gmt":"2025-11-14T07:35:58","slug":"repertoire","status":"publish","type":"page","link":"https:\/\/sollalafami.com\/index.php\/repertoire\/","title":{"rendered":"R\u00e9pertoire"},"content":{"rendered":"\t\t<div data-elementor-type=\"wp-page\" data-elementor-id=\"350\" class=\"elementor elementor-350\" data-elementor-post-type=\"page\">\n\t\t\t\t<div class=\"elementor-element elementor-element-7942a631 e-con-full e-flex e-con e-parent\" data-id=\"7942a631\" data-element_type=\"container\" data-settings=\"{&quot;background_background&quot;:&quot;classic&quot;}\">\n\t\t\t\t<div class=\"elementor-element elementor-element-4bddb113 elementor-widget elementor-widget-heading\" data-id=\"4bddb113\" data-element_type=\"widget\" data-widget_type=\"heading.default\">\n\t\t\t\t<div class=\"elementor-widget-container\">\n\t\t\t\t\t<h1 class=\"elementor-heading-title elementor-size-default\">R\u00e9pertoire<\/h1>\t\t\t\t<\/div>\n\t\t\t\t<\/div>\n\t\t\t\t<\/div>\n\t\t<div class=\"elementor-element elementor-element-751e7aec e-flex e-con-boxed e-con e-parent\" data-id=\"751e7aec\" data-element_type=\"container\">\n\t\t\t\t\t<div class=\"e-con-inner\">\n\t\t\t\t<div class=\"elementor-element elementor-element-32eab11 elementor-grid-3 elementor-grid-tablet-1 elementor-grid-mobile-1 elementor-product-loop-item--align-center elementor-products-grid elementor-wc-products elementor-show-pagination-border-yes elementor-widget elementor-widget-woocommerce-products\" data-id=\"32eab11\" data-element_type=\"widget\" data-widget_type=\"woocommerce-products.default\">\n\t\t\t\t<div class=\"elementor-widget-container\">\n\t\t\t\t\t<div class=\"woocommerce columns-3 \"><div class=\"woocommerce-notices-wrapper\"><\/div><form class=\"woocommerce-ordering\" method=\"get\">\n\t\t<select\n\t\tname=\"orderby\"\n\t\tclass=\"orderby\"\n\t\t\t\t\taria-label=\"Commande\"\n\t\t\t>\n\t\t\t\t\t<option value=\"menu_order\"  selected='selected'>Tri par d\u00e9faut<\/option>\n\t\t\t\t\t<option value=\"popularity\" >Tri par popularit\u00e9<\/option>\n\t\t\t\t\t<option value=\"rating\" >Tri par notes moyennes<\/option>\n\t\t\t\t\t<option value=\"date\" >Tri du plus r\u00e9cent au plus ancien<\/option>\n\t\t\t\t\t<option value=\"price\" >Tri par tarif croissant<\/option>\n\t\t\t\t\t<option value=\"price-desc\" >Tri par tarif d\u00e9croissant<\/option>\n\t\t\t<\/select>\n\t<input type=\"hidden\" name=\"paged\" value=\"1\" \/>\n\t<\/form>\n<ul class=\"products elementor-grid columns-3\">\n<li class=\"product type-product post-926 status-publish first instock product_cat-piano-n2 has-post-thumbnail downloadable virtual purchasable product-type-simple\">\n\t<a href=\"https:\/\/sollalafami.com\/index.php\/produit\/n0-bienvenue\/\" class=\"woocommerce-LoopProduct-link woocommerce-loop-product__link\"><img fetchpriority=\"high\" decoding=\"async\" width=\"300\" height=\"300\" src=\"https:\/\/sollalafami.com\/wp-content\/uploads\/2025\/10\/N\u00b00-Bienvenue-web-preview-300x300.png\" class=\"attachment-woocommerce_thumbnail size-woocommerce_thumbnail\" alt=\"N\u00b00 - Bienvenue ; N\u00b00 - A Warm Welcome\" srcset=\"https:\/\/sollalafami.com\/wp-content\/uploads\/2025\/10\/N\u00b00-Bienvenue-web-preview-300x300.png 300w, https:\/\/sollalafami.com\/wp-content\/uploads\/2025\/10\/N\u00b00-Bienvenue-web-preview-150x150.png 150w, https:\/\/sollalafami.com\/wp-content\/uploads\/2025\/10\/N\u00b00-Bienvenue-web-preview-100x100.png 100w\" sizes=\"(max-width: 300px) 100vw, 300px\" \/><h2 class=\"woocommerce-loop-product__title\">N\u00b00 &#8211; Bienvenue<\/h2>\n\t<span class=\"price\"><span class=\"woocommerce-Price-amount amount\"><bdi>5,50&nbsp;<span class=\"woocommerce-Price-currencySymbol\">&euro;<\/span><\/bdi><\/span><\/span>\n<\/a><div class=\"woocommerce-loop-product__buttons\"><a href=\"\/index.php\/wp-json\/wp\/v2\/pages\/350?add-to-cart=926\" aria-describedby=\"woocommerce_loop_add_to_cart_link_describedby_926\" data-quantity=\"1\" class=\"button product_type_simple add_to_cart_button ajax_add_to_cart\" data-product_id=\"926\" data-product_sku=\"\" aria-label=\"Ajouter au panier\u00a0: &ldquo;N\u00b00 - Bienvenue&rdquo;\" rel=\"nofollow\" data-success_message=\"\u00ab\u00a0N\u00b00 - Bienvenue\u00a0\u00bb a \u00e9t\u00e9 ajout\u00e9 \u00e0 votre panier\" role=\"button\">Ajouter la partition au panier<\/a><\/div>\t<span id=\"woocommerce_loop_add_to_cart_link_describedby_926\" class=\"screen-reader-text\">\n\t\t\t<\/span>\n<\/li>\n<li class=\"product type-product post-1067 status-publish instock product_cat-piano-n2 has-post-thumbnail downloadable virtual purchasable product-type-simple\">\n\t<a href=\"https:\/\/sollalafami.com\/index.php\/produit\/mouvement-perpetuel\/\" class=\"woocommerce-LoopProduct-link woocommerce-loop-product__link\"><img decoding=\"async\" width=\"300\" height=\"300\" src=\"https:\/\/sollalafami.com\/wp-content\/uploads\/2025\/11\/N\u00b01-Mouvement-Perpetuel-Preview-Web-300x300.png\" class=\"attachment-woocommerce_thumbnail size-woocommerce_thumbnail\" alt=\"N\u00b01 - Mouvement Perp\u00e9tuel ; N\u00b01 - Perpetual Motion\" srcset=\"https:\/\/sollalafami.com\/wp-content\/uploads\/2025\/11\/N\u00b01-Mouvement-Perpetuel-Preview-Web-300x300.png 300w, https:\/\/sollalafami.com\/wp-content\/uploads\/2025\/11\/N\u00b01-Mouvement-Perpetuel-Preview-Web-150x150.png 150w, https:\/\/sollalafami.com\/wp-content\/uploads\/2025\/11\/N\u00b01-Mouvement-Perpetuel-Preview-Web-100x100.png 100w\" sizes=\"(max-width: 300px) 100vw, 300px\" \/><h2 class=\"woocommerce-loop-product__title\">N\u00b01 &#8211; Mouvement Perp\u00e9tuel<\/h2>\n\t<span class=\"price\"><span class=\"woocommerce-Price-amount amount\"><bdi>5,50&nbsp;<span class=\"woocommerce-Price-currencySymbol\">&euro;<\/span><\/bdi><\/span><\/span>\n<\/a><div class=\"woocommerce-loop-product__buttons\"><a href=\"\/index.php\/wp-json\/wp\/v2\/pages\/350?add-to-cart=1067\" aria-describedby=\"woocommerce_loop_add_to_cart_link_describedby_1067\" data-quantity=\"1\" class=\"button product_type_simple add_to_cart_button ajax_add_to_cart\" data-product_id=\"1067\" data-product_sku=\"\" aria-label=\"Ajouter au panier\u00a0: &ldquo;N\u00b01 - Mouvement Perp\u00e9tuel&rdquo;\" rel=\"nofollow\" data-success_message=\"\u00ab\u00a0N\u00b01 - Mouvement Perp\u00e9tuel\u00a0\u00bb a \u00e9t\u00e9 ajout\u00e9 \u00e0 votre panier\" role=\"button\">Ajouter la partition au panier<\/a><\/div>\t<span id=\"woocommerce_loop_add_to_cart_link_describedby_1067\" class=\"screen-reader-text\">\n\t\t\t<\/span>\n<\/li>\n<li class=\"product type-product post-1081 status-publish last instock product_cat-piano-n4 has-post-thumbnail downloadable virtual purchasable product-type-simple\">\n\t<a href=\"https:\/\/sollalafami.com\/index.php\/produit\/n2-la-valse-du-papillon\/\" class=\"woocommerce-LoopProduct-link woocommerce-loop-product__link\"><img decoding=\"async\" width=\"300\" height=\"300\" src=\"https:\/\/sollalafami.com\/wp-content\/uploads\/2025\/11\/N\u00b02-La-Valse-du-Papillon-web-preview-300x300.png\" class=\"attachment-woocommerce_thumbnail size-woocommerce_thumbnail\" alt=\"N\u00b02 - La Valse du Papillon ; N\u00b02 - Butterfly Waltz\" srcset=\"https:\/\/sollalafami.com\/wp-content\/uploads\/2025\/11\/N\u00b02-La-Valse-du-Papillon-web-preview-300x300.png 300w, https:\/\/sollalafami.com\/wp-content\/uploads\/2025\/11\/N\u00b02-La-Valse-du-Papillon-web-preview-150x150.png 150w, https:\/\/sollalafami.com\/wp-content\/uploads\/2025\/11\/N\u00b02-La-Valse-du-Papillon-web-preview-100x100.png 100w\" sizes=\"(max-width: 300px) 100vw, 300px\" \/><h2 class=\"woocommerce-loop-product__title\">N\u00b02 &#8211; La Valse du Papillon<\/h2>\n\t<span class=\"price\"><span class=\"woocommerce-Price-amount amount\"><bdi>5,50&nbsp;<span class=\"woocommerce-Price-currencySymbol\">&euro;<\/span><\/bdi><\/span><\/span>\n<\/a><div class=\"woocommerce-loop-product__buttons\"><a href=\"\/index.php\/wp-json\/wp\/v2\/pages\/350?add-to-cart=1081\" aria-describedby=\"woocommerce_loop_add_to_cart_link_describedby_1081\" data-quantity=\"1\" class=\"button product_type_simple add_to_cart_button ajax_add_to_cart\" data-product_id=\"1081\" data-product_sku=\"\" aria-label=\"Ajouter au panier\u00a0: &ldquo;N\u00b02 - La Valse du Papillon&rdquo;\" rel=\"nofollow\" data-success_message=\"\u00ab\u00a0N\u00b02 - La Valse du Papillon\u00a0\u00bb a \u00e9t\u00e9 ajout\u00e9 \u00e0 votre panier\" role=\"button\">Ajouter la partition au panier<\/a><\/div>\t<span id=\"woocommerce_loop_add_to_cart_link_describedby_1081\" class=\"screen-reader-text\">\n\t\t\t<\/span>\n<\/li>\n<li class=\"product type-product post-373 status-publish first instock product_cat-non-classe product_cat-piano-n2 product_cat-piano-n has-post-thumbnail downloadable virtual purchasable product-type-simple\">\n\t<a href=\"https:\/\/sollalafami.com\/index.php\/produit\/n3-rondes-interieures\/\" class=\"woocommerce-LoopProduct-link woocommerce-loop-product__link\"><img loading=\"lazy\" decoding=\"async\" width=\"300\" height=\"300\" src=\"https:\/\/sollalafami.com\/wp-content\/uploads\/2025\/01\/N\u00b03-Rondes-Interieures-Webpreview-300x300.png\" class=\"attachment-woocommerce_thumbnail size-woocommerce_thumbnail\" alt=\"N\u00b03 - Rondes Int\u00e9rieures ; N\u00b03 Inner Rounds\" srcset=\"https:\/\/sollalafami.com\/wp-content\/uploads\/2025\/01\/N\u00b03-Rondes-Interieures-Webpreview-300x300.png 300w, https:\/\/sollalafami.com\/wp-content\/uploads\/2025\/01\/N\u00b03-Rondes-Interieures-Webpreview-150x150.png 150w, https:\/\/sollalafami.com\/wp-content\/uploads\/2025\/01\/N\u00b03-Rondes-Interieures-Webpreview-100x100.png 100w\" sizes=\"(max-width: 300px) 100vw, 300px\" \/><h2 class=\"woocommerce-loop-product__title\">N\u00b03 &#8211; Rondes int\u00e9rieures<\/h2>\n\t<span class=\"price\"><span class=\"woocommerce-Price-amount amount\"><bdi>5,50&nbsp;<span class=\"woocommerce-Price-currencySymbol\">&euro;<\/span><\/bdi><\/span><\/span>\n<\/a><div class=\"woocommerce-loop-product__buttons\"><a href=\"\/index.php\/wp-json\/wp\/v2\/pages\/350?add-to-cart=373\" aria-describedby=\"woocommerce_loop_add_to_cart_link_describedby_373\" data-quantity=\"1\" class=\"button product_type_simple add_to_cart_button ajax_add_to_cart\" data-product_id=\"373\" data-product_sku=\"\" aria-label=\"Ajouter au panier\u00a0: &ldquo;N\u00b03 - Rondes int\u00e9rieures&rdquo;\" rel=\"nofollow\" data-success_message=\"\u00ab\u00a0N\u00b03 - Rondes int\u00e9rieures\u00a0\u00bb a \u00e9t\u00e9 ajout\u00e9 \u00e0 votre panier\" role=\"button\">Ajouter la partition au panier<\/a><\/div>\t<span id=\"woocommerce_loop_add_to_cart_link_describedby_373\" class=\"screen-reader-text\">\n\t\t\t<\/span>\n<\/li>\n<li class=\"product type-product post-372 status-publish instock product_cat-piano-n2 has-post-thumbnail downloadable virtual purchasable product-type-simple\">\n\t<a href=\"https:\/\/sollalafami.com\/index.php\/produit\/n4-tu-manques\/\" class=\"woocommerce-LoopProduct-link woocommerce-loop-product__link\"><img loading=\"lazy\" decoding=\"async\" width=\"300\" height=\"300\" src=\"https:\/\/sollalafami.com\/wp-content\/uploads\/2025\/01\/N\u00b04-Tu-Manques-Webpreview-300x300.png\" class=\"attachment-woocommerce_thumbnail size-woocommerce_thumbnail\" alt=\"N\u00b04 - Tu Manques ; N\u00b04 - The Void You Left\" srcset=\"https:\/\/sollalafami.com\/wp-content\/uploads\/2025\/01\/N\u00b04-Tu-Manques-Webpreview-300x300.png 300w, https:\/\/sollalafami.com\/wp-content\/uploads\/2025\/01\/N\u00b04-Tu-Manques-Webpreview-150x150.png 150w, https:\/\/sollalafami.com\/wp-content\/uploads\/2025\/01\/N\u00b04-Tu-Manques-Webpreview-100x100.png 100w\" sizes=\"(max-width: 300px) 100vw, 300px\" \/><h2 class=\"woocommerce-loop-product__title\">N\u00b04 &#8211; Tu manques<\/h2>\n\t<span class=\"price\"><span class=\"woocommerce-Price-amount amount\"><bdi>5,50&nbsp;<span class=\"woocommerce-Price-currencySymbol\">&euro;<\/span><\/bdi><\/span><\/span>\n<\/a><div class=\"woocommerce-loop-product__buttons\"><a href=\"\/index.php\/wp-json\/wp\/v2\/pages\/350?add-to-cart=372\" aria-describedby=\"woocommerce_loop_add_to_cart_link_describedby_372\" data-quantity=\"1\" class=\"button product_type_simple add_to_cart_button ajax_add_to_cart\" data-product_id=\"372\" data-product_sku=\"\" aria-label=\"Ajouter au panier\u00a0: &ldquo;N\u00b04 - Tu manques&rdquo;\" rel=\"nofollow\" data-success_message=\"\u00ab\u00a0N\u00b04 - Tu manques\u00a0\u00bb a \u00e9t\u00e9 ajout\u00e9 \u00e0 votre panier\" role=\"button\">Ajouter la partition au panier<\/a><\/div>\t<span id=\"woocommerce_loop_add_to_cart_link_describedby_372\" class=\"screen-reader-text\">\n\t\t\t<\/span>\n<\/li>\n<li class=\"product type-product post-1076 status-publish last instock product_cat-piano-n2 has-post-thumbnail downloadable virtual purchasable product-type-simple\">\n\t<a href=\"https:\/\/sollalafami.com\/index.php\/produit\/n5-le-morceau-de-loulou\/\" class=\"woocommerce-LoopProduct-link woocommerce-loop-product__link\"><img loading=\"lazy\" decoding=\"async\" width=\"300\" height=\"300\" src=\"https:\/\/sollalafami.com\/wp-content\/uploads\/2025\/11\/N\u00b05-Le-Morceau-de-Loulou-WebPreview-300x300.png\" class=\"attachment-woocommerce_thumbnail size-woocommerce_thumbnail\" alt=\"N\u00b05 - Le Morceau de Loulou ; N\u00b05 - Loulou&#039;s Lullaby\" srcset=\"https:\/\/sollalafami.com\/wp-content\/uploads\/2025\/11\/N\u00b05-Le-Morceau-de-Loulou-WebPreview-300x300.png 300w, https:\/\/sollalafami.com\/wp-content\/uploads\/2025\/11\/N\u00b05-Le-Morceau-de-Loulou-WebPreview-150x150.png 150w, https:\/\/sollalafami.com\/wp-content\/uploads\/2025\/11\/N\u00b05-Le-Morceau-de-Loulou-WebPreview-100x100.png 100w\" sizes=\"(max-width: 300px) 100vw, 300px\" \/><h2 class=\"woocommerce-loop-product__title\">N\u00b05 &#8211; Le Morceau de Loulou<\/h2>\n\t<span class=\"price\"><span class=\"woocommerce-Price-amount amount\"><bdi>5,50&nbsp;<span class=\"woocommerce-Price-currencySymbol\">&euro;<\/span><\/bdi><\/span><\/span>\n<\/a><div class=\"woocommerce-loop-product__buttons\"><a href=\"\/index.php\/wp-json\/wp\/v2\/pages\/350?add-to-cart=1076\" aria-describedby=\"woocommerce_loop_add_to_cart_link_describedby_1076\" data-quantity=\"1\" class=\"button product_type_simple add_to_cart_button ajax_add_to_cart\" data-product_id=\"1076\" data-product_sku=\"\" aria-label=\"Ajouter au panier\u00a0: &ldquo;N\u00b05 - Le Morceau de Loulou&rdquo;\" rel=\"nofollow\" data-success_message=\"\u00ab\u00a0N\u00b05 - Le Morceau de Loulou\u00a0\u00bb a \u00e9t\u00e9 ajout\u00e9 \u00e0 votre panier\" role=\"button\">Ajouter la partition au panier<\/a><\/div>\t<span id=\"woocommerce_loop_add_to_cart_link_describedby_1076\" class=\"screen-reader-text\">\n\t\t\t<\/span>\n<\/li>\n<\/ul>\n<nav class=\"woocommerce-pagination\" aria-label=\"Pagination des produits\">\n\t<ul class='page-numbers'>\n\t<li><span aria-label=\"Page 1\" aria-current=\"page\" class=\"page-numbers current\">1<\/span><\/li>\n\t<li><a aria-label=\"Page 2\" class=\"page-numbers\" href=\"\/index.php\/wp-json\/wp\/v2\/pages\/350?product-page=2\">2<\/a><\/li>\n\t<li><a class=\"next page-numbers\" href=\"\/index.php\/wp-json\/wp\/v2\/pages\/350?product-page=2\">&rarr;<\/a><\/li>\n<\/ul>\n<\/nav>\n<\/div>\t\t\t\t<\/div>\n\t\t\t\t<\/div>\n\t\t\t\t\t<\/div>\n\t\t\t\t<\/div>\n\t\t<div class=\"elementor-element elementor-element-47a4929 e-flex e-con-boxed e-con e-parent\" data-id=\"47a4929\" data-element_type=\"container\">\n\t\t\t\t\t<div class=\"e-con-inner\">\n\t\t\t\t\t<\/div>\n\t\t\t\t<\/div>\n\t\t\t\t<\/div>\n\t\t","protected":false},"excerpt":{"rendered":"<p>R\u00e9pertoire<\/p>\n","protected":false},"author":5,"featured_media":0,"parent":0,"menu_order":0,"comment_status":"closed","ping_status":"closed","template":"elementor_header_footer","meta":{"footnotes":""},"class_list":["post-350","page","type-page","status-publish","hentry"],"_links":{"self":[{"href":"https:\/\/sollalafami.com\/index.php\/wp-json\/wp\/v2\/pages\/350","targetHints":{"allow":["GET"]}}],"collection":[{"href":"https:\/\/sollalafami.com\/index.php\/wp-json\/wp\/v2\/pages"}],"about":[{"href":"https:\/\/sollalafami.com\/index.php\/wp-json\/wp\/v2\/types\/page"}],"author":[{"embeddable":true,"href":"https:\/\/sollalafami.com\/index.php\/wp-json\/wp\/v2\/users\/5"}],"replies":[{"embeddable":true,"href":"https:\/\/sollalafami.com\/index.php\/wp-json\/wp\/v2\/comments?post=350"}],"version-history":[{"count":32,"href":"https:\/\/sollalafami.com\/index.php\/wp-json\/wp\/v2\/pages\/350\/revisions"}],"predecessor-version":[{"id":1057,"href":"https:\/\/sollalafami.com\/index.php\/wp-json\/wp\/v2\/pages\/350\/revisions\/1057"}],"wp:attachment":[{"href":"https:\/\/sollalafami.com\/index.php\/wp-json\/wp\/v2\/media?parent=350"}],"curies":[{"name":"wp","href":"https:\/\/api.w.org\/{rel}","templated":true}]}}