{"id":359,"date":"2025-01-04T12:16:54","date_gmt":"2025-01-04T11:16:54","guid":{"rendered":"https:\/\/sollalafami.com\/index.php\/accueil-2\/"},"modified":"2025-12-05T00:17:16","modified_gmt":"2025-12-04T23:17:16","slug":"accueil","status":"publish","type":"page","link":"https:\/\/sollalafami.com\/","title":{"rendered":"Accueil"},"content":{"rendered":"\t\t<div data-elementor-type=\"wp-page\" data-elementor-id=\"359\" class=\"elementor elementor-359\" data-elementor-post-type=\"page\">\n\t\t\t\t<div class=\"elementor-element elementor-element-4ace47de e-con-full e-flex e-con e-parent\" data-id=\"4ace47de\" data-element_type=\"container\" data-settings=\"{&quot;background_background&quot;:&quot;classic&quot;}\">\n\t\t\t\t<div class=\"elementor-element elementor-element-68c2c967 elementor-widget elementor-widget-heading\" data-id=\"68c2c967\" data-element_type=\"widget\" data-widget_type=\"heading.default\">\n\t\t\t\t<div class=\"elementor-widget-container\">\n\t\t\t\t\t<h1 class=\"elementor-heading-title elementor-size-default\">partitions Originales pour piano<\/h1>\t\t\t\t<\/div>\n\t\t\t\t<\/div>\n\t\t\t\t<\/div>\n\t\t<div class=\"elementor-element elementor-element-f95f058 e-flex e-con-boxed e-con e-parent\" data-id=\"f95f058\" data-element_type=\"container\" data-settings=\"{&quot;background_background&quot;:&quot;classic&quot;}\">\n\t\t\t\t\t<div class=\"e-con-inner\">\n\t\t\t\t<div class=\"elementor-element elementor-element-67e3dff8 elementor-widget elementor-widget-heading\" data-id=\"67e3dff8\" data-element_type=\"widget\" data-widget_type=\"heading.default\">\n\t\t\t\t<div class=\"elementor-widget-container\">\n\t\t\t\t\t<h1 class=\"elementor-heading-title elementor-size-default\">derni\u00e8res Publications<\/h1>\t\t\t\t<\/div>\n\t\t\t\t<\/div>\n\t\t<div class=\"elementor-element elementor-element-6491f897 e-flex e-con-boxed e-con e-child\" data-id=\"6491f897\" data-element_type=\"container\">\n\t\t\t\t\t<div class=\"e-con-inner\">\n\t\t\t\t<div class=\"elementor-element elementor-element-4c3f26b0 elementor-widget elementor-widget-eael-woo-product-carousel\" data-id=\"4c3f26b0\" data-element_type=\"widget\" data-widget_type=\"eael-woo-product-carousel.default\">\n\t\t\t\t<div class=\"elementor-widget-container\">\n\t\t\t\t\t\n        <div class=\"swiper-container-wrap eael-woo-product-carousel-container preset-3 swiper-container-wrap-dots-outside\" id=\"eael-product-carousel-4c3f26b0\" data-widget-id=\"4c3f26b0\" >\n            <div class=\"woocommerce swiper swiper-8 eael-woo-product-carousel swiper-container-4c3f26b0 eael-product-appender-4c3f26b0 eael-static-buttons\" data-pagination=\".swiper-pagination-4c3f26b0\" data-arrow-next=\".swiper-button-next-4c3f26b0\" data-arrow-prev=\".swiper-button-prev-4c3f26b0\" data-type=\"preset-3\" data-effect=\"coverflow\" data-depth=\"100\" data-rotate=\"50\" data-stretch=\"10\" data-margin=\"10\" data-speed=\"400\" data-autoplay=\"3000\" data-pause-on-hover=\"true\" data-loop=\"1\" data-arrows=\"1\" data-dots=\"1\"><div class=\"swiper-wrapper products\">    <div class=\"product swiper-slide post-1117 type-product status-publish has-post-thumbnail product_cat-piano-n1 first instock sale downloadable virtual purchasable product-type-simple\">\n        <div class=\"eael-product-carousel \">\n            <div class=\"product-image-wrap\">\n                <div class=\"image-wrap\">\n                    <span class=\"eael-onsale sale-preset-5 \">Promo<\/span><a href=\"https:\/\/sollalafami.com\/index.php\/produit\/n7-repetitif\/\" class=\"woocommerce-LoopProduct-link woocommerce-loop-product__link\"><img fetchpriority=\"high\" decoding=\"async\" width=\"768\" height=\"592\" src=\"https:\/\/sollalafami.com\/wp-content\/uploads\/2025\/12\/N\u00b07-Repetitif-webpreview-768x592.png\" class=\"attachment-medium_large size-medium_large\" alt=\"N\u00b07 - R\u00e9p\u00e9titif ; N\u00b07 - Patterns\" loading=\"eager\" srcset=\"https:\/\/sollalafami.com\/wp-content\/uploads\/2025\/12\/N\u00b07-Repetitif-webpreview-768x592.png 768w, https:\/\/sollalafami.com\/wp-content\/uploads\/2025\/12\/N\u00b07-Repetitif-webpreview-300x231.png 300w, https:\/\/sollalafami.com\/wp-content\/uploads\/2025\/12\/N\u00b07-Repetitif-webpreview-1024x790.png 1024w, https:\/\/sollalafami.com\/wp-content\/uploads\/2025\/12\/N\u00b07-Repetitif-webpreview-600x463.png 600w, https:\/\/sollalafami.com\/wp-content\/uploads\/2025\/12\/N\u00b07-Repetitif-webpreview.png 1237w\" sizes=\"(max-width: 768px) 100vw, 768px\" \/><\/a>                <\/div>\n                <div class=\"image-hover-wrap\">\n                    <ul class=\"icons-wrap block-style\">\n                                                    <li class=\"add-to-cart\"><a href=\"\/index.php\/wp-json\/wp\/v2\/pages\/359?add-to-cart=1117\" aria-describedby=\"woocommerce_loop_add_to_cart_link_describedby_1117\" data-quantity=\"1\" class=\"button product_type_simple add_to_cart_button ajax_add_to_cart\" data-product_id=\"1117\" data-product_sku=\"\" aria-label=\"Ajouter au panier\u00a0: &ldquo;N\u00b07 - R\u00e9p\u00e9titif&rdquo;\" rel=\"nofollow\" data-success_message=\"\u00ab\u00a0N\u00b07 - R\u00e9p\u00e9titif\u00a0\u00bb a \u00e9t\u00e9 ajout\u00e9 \u00e0 votre panier\" role=\"button\">Ajouter la partition au panier<\/a>\t<span id=\"woocommerce_loop_add_to_cart_link_describedby_1117\" class=\"screen-reader-text\">\n\t\t\t<\/span>\n<\/li>\n                        \t                                                <li class=\"eael-product-quick-view\">\n                                <a id=\"eael_quick_view_69e5fd833c955\" data-quickview-setting=\"{&quot;widget_id&quot;:&quot;4c3f26b0&quot;,&quot;product_id&quot;:1117,&quot;page_id&quot;:359}\"\n                                   class=\"open-popup-link\">\n                                    <i class=\"fas fa-volume-up\"><\/i>\n                                <\/a>\n                            <\/li>\n\t                                            <li class=\"view-details\"><a href=\"https:\/\/sollalafami.com\/index.php\/produit\/n7-repetitif\/\"><i class=\"fas fa-link\"><\/i><\/a><\/li>\n\n                    <\/ul>\n                                    <\/div>\n            <\/div>\n            <div class=\"product-details-wrap\">\n\t            <div class=\"eael-product-title\"><a href=\"https:\/\/sollalafami.com\/index.php\/produit\/n7-repetitif\/\" class=\"woocommerce-LoopProduct-link woocommerce-loop-product__link\"><h2>N\u00b07 - R\u00e9p\u00e9titif<\/h2><\/a><\/div><div class=\"eael-product-price\"><del aria-hidden=\"true\"><span class=\"woocommerce-Price-amount amount\"><bdi>5,50&nbsp;<span class=\"woocommerce-Price-currencySymbol\">&euro;<\/span><\/bdi><\/span><\/del> <span class=\"screen-reader-text\">Le prix initial \u00e9tait\u00a0: 5,50&nbsp;&euro;.<\/span><ins aria-hidden=\"true\"><span class=\"woocommerce-Price-amount amount\"><bdi>0,00&nbsp;<span class=\"woocommerce-Price-currencySymbol\">&euro;<\/span><\/bdi><\/span><\/ins><span class=\"screen-reader-text\">Le prix actuel est\u00a0: 0,00&nbsp;&euro;.<\/span><\/div><div class=\"eael-star-rating\"><div class=\"eael-star-rating star-rating\"><span style=\"width:0%\">Note <strong class=\"rating\">0<\/strong> sur 5<\/span><\/div><\/div>\n            <\/div>\n        <\/div>\n\t<\/div>\n        <div class=\"product swiper-slide post-1081 type-product status-publish has-post-thumbnail product_cat-piano-n4  instock downloadable virtual purchasable product-type-simple\">\n        <div class=\"eael-product-carousel \">\n            <div class=\"product-image-wrap\">\n                <div class=\"image-wrap\">\n                    <a href=\"https:\/\/sollalafami.com\/index.php\/produit\/n2-la-valse-du-papillon\/\" class=\"woocommerce-LoopProduct-link woocommerce-loop-product__link\"><img decoding=\"async\" width=\"768\" height=\"592\" src=\"https:\/\/sollalafami.com\/wp-content\/uploads\/2025\/11\/N\u00b02-La-Valse-du-Papillon-web-preview-768x592.png\" class=\"attachment-medium_large size-medium_large\" alt=\"N\u00b02 - La Valse du Papillon ; N\u00b02 - Butterfly Waltz\" loading=\"eager\" srcset=\"https:\/\/sollalafami.com\/wp-content\/uploads\/2025\/11\/N\u00b02-La-Valse-du-Papillon-web-preview-768x592.png 768w, https:\/\/sollalafami.com\/wp-content\/uploads\/2025\/11\/N\u00b02-La-Valse-du-Papillon-web-preview-300x231.png 300w, https:\/\/sollalafami.com\/wp-content\/uploads\/2025\/11\/N\u00b02-La-Valse-du-Papillon-web-preview-1024x790.png 1024w, https:\/\/sollalafami.com\/wp-content\/uploads\/2025\/11\/N\u00b02-La-Valse-du-Papillon-web-preview-600x463.png 600w, https:\/\/sollalafami.com\/wp-content\/uploads\/2025\/11\/N\u00b02-La-Valse-du-Papillon-web-preview.png 1237w\" sizes=\"(max-width: 768px) 100vw, 768px\" \/><\/a>                <\/div>\n                <div class=\"image-hover-wrap\">\n                    <ul class=\"icons-wrap block-style\">\n                                                    <li class=\"add-to-cart\"><a href=\"\/index.php\/wp-json\/wp\/v2\/pages\/359?add-to-cart=1081\" aria-describedby=\"woocommerce_loop_add_to_cart_link_describedby_1081\" data-quantity=\"1\" class=\"button product_type_simple add_to_cart_button ajax_add_to_cart\" data-product_id=\"1081\" data-product_sku=\"\" aria-label=\"Ajouter au panier\u00a0: &ldquo;N\u00b02 - La Valse du Papillon&rdquo;\" rel=\"nofollow\" data-success_message=\"\u00ab\u00a0N\u00b02 - La Valse du Papillon\u00a0\u00bb a \u00e9t\u00e9 ajout\u00e9 \u00e0 votre panier\" role=\"button\">Ajouter la partition au panier<\/a>\t<span id=\"woocommerce_loop_add_to_cart_link_describedby_1081\" class=\"screen-reader-text\">\n\t\t\t<\/span>\n<\/li>\n                        \t                                                <li class=\"eael-product-quick-view\">\n                                <a id=\"eael_quick_view_69e5fd833e099\" data-quickview-setting=\"{&quot;widget_id&quot;:&quot;4c3f26b0&quot;,&quot;product_id&quot;:1081,&quot;page_id&quot;:359}\"\n                                   class=\"open-popup-link\">\n                                    <i class=\"fas fa-volume-up\"><\/i>\n                                <\/a>\n                            <\/li>\n\t                                            <li class=\"view-details\"><a href=\"https:\/\/sollalafami.com\/index.php\/produit\/n2-la-valse-du-papillon\/\"><i class=\"fas fa-link\"><\/i><\/a><\/li>\n\n                    <\/ul>\n                                    <\/div>\n            <\/div>\n            <div class=\"product-details-wrap\">\n\t            <div class=\"eael-product-title\"><a href=\"https:\/\/sollalafami.com\/index.php\/produit\/n2-la-valse-du-papillon\/\" class=\"woocommerce-LoopProduct-link woocommerce-loop-product__link\"><h2>N\u00b02 - La Valse du Papillon<\/h2><\/a><\/div><div class=\"eael-product-price\"><span class=\"woocommerce-Price-amount amount\"><bdi>5,50&nbsp;<span class=\"woocommerce-Price-currencySymbol\">&euro;<\/span><\/bdi><\/span><\/div><div class=\"eael-star-rating\"><div class=\"eael-star-rating star-rating\"><span style=\"width:0%\">Note <strong class=\"rating\">0<\/strong> sur 5<\/span><\/div><\/div>\n            <\/div>\n        <\/div>\n\t<\/div>\n        <div class=\"product swiper-slide post-1076 type-product status-publish has-post-thumbnail product_cat-piano-n2  instock downloadable virtual purchasable product-type-simple\">\n        <div class=\"eael-product-carousel \">\n            <div class=\"product-image-wrap\">\n                <div class=\"image-wrap\">\n                    <a href=\"https:\/\/sollalafami.com\/index.php\/produit\/n5-le-morceau-de-loulou\/\" class=\"woocommerce-LoopProduct-link woocommerce-loop-product__link\"><img decoding=\"async\" width=\"768\" height=\"592\" src=\"https:\/\/sollalafami.com\/wp-content\/uploads\/2025\/11\/N\u00b05-Le-Morceau-de-Loulou-WebPreview-768x592.png\" class=\"attachment-medium_large size-medium_large\" alt=\"N\u00b05 - Le Morceau de Loulou ; N\u00b05 - Loulou&#039;s Lullaby\" loading=\"eager\" srcset=\"https:\/\/sollalafami.com\/wp-content\/uploads\/2025\/11\/N\u00b05-Le-Morceau-de-Loulou-WebPreview-768x592.png 768w, https:\/\/sollalafami.com\/wp-content\/uploads\/2025\/11\/N\u00b05-Le-Morceau-de-Loulou-WebPreview-300x231.png 300w, https:\/\/sollalafami.com\/wp-content\/uploads\/2025\/11\/N\u00b05-Le-Morceau-de-Loulou-WebPreview-1024x790.png 1024w, https:\/\/sollalafami.com\/wp-content\/uploads\/2025\/11\/N\u00b05-Le-Morceau-de-Loulou-WebPreview-600x463.png 600w, https:\/\/sollalafami.com\/wp-content\/uploads\/2025\/11\/N\u00b05-Le-Morceau-de-Loulou-WebPreview.png 1237w\" sizes=\"(max-width: 768px) 100vw, 768px\" \/><\/a>                <\/div>\n                <div class=\"image-hover-wrap\">\n                    <ul class=\"icons-wrap block-style\">\n                                                    <li class=\"add-to-cart\"><a href=\"\/index.php\/wp-json\/wp\/v2\/pages\/359?add-to-cart=1076\" aria-describedby=\"woocommerce_loop_add_to_cart_link_describedby_1076\" data-quantity=\"1\" class=\"button product_type_simple add_to_cart_button ajax_add_to_cart\" data-product_id=\"1076\" data-product_sku=\"\" aria-label=\"Ajouter au panier\u00a0: &ldquo;N\u00b05 - Le Morceau de Loulou&rdquo;\" rel=\"nofollow\" data-success_message=\"\u00ab\u00a0N\u00b05 - Le Morceau de Loulou\u00a0\u00bb a \u00e9t\u00e9 ajout\u00e9 \u00e0 votre panier\" role=\"button\">Ajouter la partition au panier<\/a>\t<span id=\"woocommerce_loop_add_to_cart_link_describedby_1076\" class=\"screen-reader-text\">\n\t\t\t<\/span>\n<\/li>\n                        \t                                                <li class=\"eael-product-quick-view\">\n                                <a id=\"eael_quick_view_69e5fd833f655\" data-quickview-setting=\"{&quot;widget_id&quot;:&quot;4c3f26b0&quot;,&quot;product_id&quot;:1076,&quot;page_id&quot;:359}\"\n                                   class=\"open-popup-link\">\n                                    <i class=\"fas fa-volume-up\"><\/i>\n                                <\/a>\n                            <\/li>\n\t                                            <li class=\"view-details\"><a href=\"https:\/\/sollalafami.com\/index.php\/produit\/n5-le-morceau-de-loulou\/\"><i class=\"fas fa-link\"><\/i><\/a><\/li>\n\n                    <\/ul>\n                                    <\/div>\n            <\/div>\n            <div class=\"product-details-wrap\">\n\t            <div class=\"eael-product-title\"><a href=\"https:\/\/sollalafami.com\/index.php\/produit\/n5-le-morceau-de-loulou\/\" class=\"woocommerce-LoopProduct-link woocommerce-loop-product__link\"><h2>N\u00b05 - Le Morceau de Loulou<\/h2><\/a><\/div><div class=\"eael-product-price\"><span class=\"woocommerce-Price-amount amount\"><bdi>5,50&nbsp;<span class=\"woocommerce-Price-currencySymbol\">&euro;<\/span><\/bdi><\/span><\/div><div class=\"eael-star-rating\"><div class=\"eael-star-rating star-rating\"><span style=\"width:0%\">Note <strong class=\"rating\">0<\/strong> sur 5<\/span><\/div><\/div>\n            <\/div>\n        <\/div>\n\t<\/div>\n        <div class=\"product swiper-slide post-1067 type-product status-publish has-post-thumbnail product_cat-piano-n2 last instock downloadable virtual purchasable product-type-simple\">\n        <div class=\"eael-product-carousel \">\n            <div class=\"product-image-wrap\">\n                <div class=\"image-wrap\">\n                    <a href=\"https:\/\/sollalafami.com\/index.php\/produit\/mouvement-perpetuel\/\" class=\"woocommerce-LoopProduct-link woocommerce-loop-product__link\"><img decoding=\"async\" width=\"768\" height=\"592\" src=\"https:\/\/sollalafami.com\/wp-content\/uploads\/2025\/11\/N\u00b01-Mouvement-Perpetuel-Preview-Web-768x592.png\" class=\"attachment-medium_large size-medium_large\" alt=\"N\u00b01 - Mouvement Perp\u00e9tuel ; N\u00b01 - Perpetual Motion\" loading=\"eager\" srcset=\"https:\/\/sollalafami.com\/wp-content\/uploads\/2025\/11\/N\u00b01-Mouvement-Perpetuel-Preview-Web-768x592.png 768w, https:\/\/sollalafami.com\/wp-content\/uploads\/2025\/11\/N\u00b01-Mouvement-Perpetuel-Preview-Web-300x231.png 300w, https:\/\/sollalafami.com\/wp-content\/uploads\/2025\/11\/N\u00b01-Mouvement-Perpetuel-Preview-Web-1024x790.png 1024w, https:\/\/sollalafami.com\/wp-content\/uploads\/2025\/11\/N\u00b01-Mouvement-Perpetuel-Preview-Web-600x463.png 600w, https:\/\/sollalafami.com\/wp-content\/uploads\/2025\/11\/N\u00b01-Mouvement-Perpetuel-Preview-Web.png 1237w\" sizes=\"(max-width: 768px) 100vw, 768px\" \/><\/a>                <\/div>\n                <div class=\"image-hover-wrap\">\n                    <ul class=\"icons-wrap block-style\">\n                                                    <li class=\"add-to-cart\"><a href=\"\/index.php\/wp-json\/wp\/v2\/pages\/359?add-to-cart=1067\" aria-describedby=\"woocommerce_loop_add_to_cart_link_describedby_1067\" data-quantity=\"1\" class=\"button product_type_simple add_to_cart_button ajax_add_to_cart\" data-product_id=\"1067\" data-product_sku=\"\" aria-label=\"Ajouter au panier\u00a0: &ldquo;N\u00b01 - Mouvement Perp\u00e9tuel&rdquo;\" rel=\"nofollow\" data-success_message=\"\u00ab\u00a0N\u00b01 - Mouvement Perp\u00e9tuel\u00a0\u00bb a \u00e9t\u00e9 ajout\u00e9 \u00e0 votre panier\" role=\"button\">Ajouter la partition au panier<\/a>\t<span id=\"woocommerce_loop_add_to_cart_link_describedby_1067\" class=\"screen-reader-text\">\n\t\t\t<\/span>\n<\/li>\n                        \t                                                <li class=\"eael-product-quick-view\">\n                                <a id=\"eael_quick_view_69e5fd8340c84\" data-quickview-setting=\"{&quot;widget_id&quot;:&quot;4c3f26b0&quot;,&quot;product_id&quot;:1067,&quot;page_id&quot;:359}\"\n                                   class=\"open-popup-link\">\n                                    <i class=\"fas fa-volume-up\"><\/i>\n                                <\/a>\n                            <\/li>\n\t                                            <li class=\"view-details\"><a href=\"https:\/\/sollalafami.com\/index.php\/produit\/mouvement-perpetuel\/\"><i class=\"fas fa-link\"><\/i><\/a><\/li>\n\n                    <\/ul>\n                                    <\/div>\n            <\/div>\n            <div class=\"product-details-wrap\">\n\t            <div class=\"eael-product-title\"><a href=\"https:\/\/sollalafami.com\/index.php\/produit\/mouvement-perpetuel\/\" class=\"woocommerce-LoopProduct-link woocommerce-loop-product__link\"><h2>N\u00b01 - Mouvement Perp\u00e9tuel<\/h2><\/a><\/div><div class=\"eael-product-price\"><span class=\"woocommerce-Price-amount amount\"><bdi>5,50&nbsp;<span class=\"woocommerce-Price-currencySymbol\">&euro;<\/span><\/bdi><\/span><\/div><div class=\"eael-star-rating\"><div class=\"eael-star-rating star-rating\"><span style=\"width:0%\">Note <strong class=\"rating\">0<\/strong> sur 5<\/span><\/div><\/div>\n            <\/div>\n        <\/div>\n\t<\/div>\n    <\/div><\/div>            <!-- Add Pagination -->\n            <div class=\"swiper-pagination swiper-pagination-4c3f26b0 dots-preset-1\"><\/div>\n                                <!-- Add Arrows -->\n            <div class=\"swiper-button-next swiper-button-next-4c3f26b0\">\n                <i class=\"fa fa-angle-right\"><\/i>\n            <\/div>\n            <div class=\"swiper-button-prev swiper-button-prev-4c3f26b0\">\n                <i class=\"fa fa-angle-left\"><\/i>\n            <\/div>\n                    <\/div>\n        \t\t\t\t<\/div>\n\t\t\t\t<\/div>\n\t\t\t\t\t<\/div>\n\t\t\t\t<\/div>\n\t\t\t\t\t<\/div>\n\t\t\t\t<\/div>\n\t\t<div class=\"elementor-element elementor-element-3533e2e1 e-flex e-con-boxed e-con e-parent\" data-id=\"3533e2e1\" data-element_type=\"container\">\n\t\t\t\t\t<div class=\"e-con-inner\">\n\t\t<div class=\"elementor-element elementor-element-3a0ce4bd e-con-full e-flex e-con e-child\" data-id=\"3a0ce4bd\" data-element_type=\"container\">\n\t\t\t\t<div class=\"elementor-element elementor-element-82d6bfc elementor-cta--skin-classic elementor-animated-content elementor-bg-transform elementor-bg-transform-zoom-in elementor-widget elementor-widget-call-to-action\" data-id=\"82d6bfc\" data-element_type=\"widget\" data-widget_type=\"call-to-action.default\">\n\t\t\t\t<div class=\"elementor-widget-container\">\n\t\t\t\t\t\t\t<div class=\"elementor-cta\">\n\t\t\t\t\t<div class=\"elementor-cta__bg-wrapper\">\n\t\t\t\t<div class=\"elementor-cta__bg elementor-bg\" style=\"background-image: url(https:\/\/sollalafami.com\/wp-content\/uploads\/2025\/10\/Sol-La-La-Fa-Mi-Visage-scaled.png);\" role=\"img\" aria-label=\"Sol La La Fa Mi - Visage\"><\/div>\n\t\t\t\t<div class=\"elementor-cta__bg-overlay\"><\/div>\n\t\t\t<\/div>\n\t\t\t\t\t\t\t\t<\/div>\n\t\t\t\t\t\t<\/div>\n\t\t\t\t<\/div>\n\t\t\t\t<\/div>\n\t\t<div class=\"elementor-element elementor-element-29cb25c7 e-con-full e-flex e-con e-child\" data-id=\"29cb25c7\" data-element_type=\"container\">\n\t\t\t\t<div class=\"elementor-element elementor-element-6c58139d elementor-invisible elementor-widget elementor-widget-heading\" data-id=\"6c58139d\" data-element_type=\"widget\" data-settings=\"{&quot;_animation&quot;:&quot;fadeInUp&quot;}\" data-widget_type=\"heading.default\">\n\t\t\t\t<div class=\"elementor-widget-container\">\n\t\t\t\t\t<h5 class=\"elementor-heading-title elementor-size-default\">Accueil<\/h5>\t\t\t\t<\/div>\n\t\t\t\t<\/div>\n\t\t\t\t<div class=\"elementor-element elementor-element-5bf772d7 elementor-widget elementor-widget-heading\" data-id=\"5bf772d7\" data-element_type=\"widget\" data-widget_type=\"heading.default\">\n\t\t\t\t<div class=\"elementor-widget-container\">\n\t\t\t\t\t<h2 class=\"elementor-heading-title elementor-size-default\">Sol La La Fa Mi<\/h2>\t\t\t\t<\/div>\n\t\t\t\t<\/div>\n\t\t\t\t<div class=\"elementor-element elementor-element-5b0e712b elementor-tablet-align-center elementor-widget-mobile__width-inherit elementor-align-center elementor-invisible elementor-widget elementor-widget-button\" data-id=\"5b0e712b\" data-element_type=\"widget\" data-settings=\"{&quot;_animation&quot;:&quot;fadeInDown&quot;}\" data-widget_type=\"button.default\">\n\t\t\t\t<div class=\"elementor-widget-container\">\n\t\t\t\t\t\t\t\t\t<div class=\"elementor-button-wrapper\">\n\t\t\t\t\t<a class=\"elementor-button elementor-button-link elementor-size-md\" href=\"https:\/\/sollalafami.com\/index.php\/a-propos\/\">\n\t\t\t\t\t\t<span class=\"elementor-button-content-wrapper\">\n\t\t\t\t\t\t\t\t\t<span class=\"elementor-button-text\">En savoir plus<\/span>\n\t\t\t\t\t<\/span>\n\t\t\t\t\t<\/a>\n\t\t\t\t<\/div>\n\t\t\t\t\t\t\t\t<\/div>\n\t\t\t\t<\/div>\n\t\t\t\t<div class=\"elementor-element elementor-element-6096ebae elementor-widget elementor-widget-text-editor\" data-id=\"6096ebae\" data-element_type=\"widget\" data-widget_type=\"text-editor.default\">\n\t\t\t\t<div class=\"elementor-widget-container\">\n\t\t\t\t\t\t\t\t\t<p>Sol La La Fa Mi est ma mani\u00e8re de partager la musique que je compose pour le piano.\u00a0<br \/>Tout ici est fait \u00ab\u00a0\u00e0 la main\u00a0\u00bb. Je compose, travaille, et joue chacune de mes partitions, consciencieusement.<\/p><p>Mes pi\u00e8ces se veulent \u00eatre des morceaux accessibles. Mon parcours pianistique, classique, est pass\u00e9 par le conservatoire, l&rsquo;\u00e9cole Cortot, le solf\u00e8ge, etc&#8230;.. mais aussi certaines frustrations : elles sont belles ces \u00e9tudes de Chopin&#8230; mais elles sont dures ! Ce mouvement de sonate de Beethov est magique&#8230; mais il me faudra une vie pour le retenir par coeur..\u00a0<\/p><p>Et je me suis mis \u00e0 \u00e9crire, pour moi. Un peu moins dur, un peu plus court, un peu plus accessible.<\/p><p>Chacune de mes pi\u00e8ce a sa petite vie, sa petite histoire, son petit monde.\u00a0<span style=\"letter-spacing: -0.8px;\">Et voil\u00e0 Sol La La Fa Mi, des morceaux que j&rsquo;aime jouer, tout simplement. Au plaisir d&rsquo;avoir vos impressions, commentaires et je l&rsquo;esp\u00e8re vos interpr\u00e9tations.<\/span><\/p>\t\t\t\t\t\t\t\t<\/div>\n\t\t\t\t<\/div>\n\t\t\t\t<\/div>\n\t\t\t\t\t<\/div>\n\t\t\t\t<\/div>\n\t\t\t\t<\/div>\n\t\t","protected":false},"excerpt":{"rendered":"<p>partitions Originales pour piano derni\u00e8res Publications Ajouter la partition au panier N\u00b07 &#8211; R\u00e9p\u00e9titif 5,50&nbsp;&euro;Note 0 sur 5 Ajouter la partition au panier N\u00b02 &#8211; La Valse du Papillon 5,50&nbsp;&euro;Note 0 sur 5 Ajouter la partition au panier N\u00b05 &#8211; Le Morceau de Loulou 5,50&nbsp;&euro;Note 0 sur 5 Ajouter la partition au panier N\u00b01 &#8211; [&hellip;]<\/p>\n","protected":false},"author":5,"featured_media":0,"parent":0,"menu_order":0,"comment_status":"closed","ping_status":"closed","template":"elementor_header_footer","meta":{"footnotes":""},"class_list":["post-359","page","type-page","status-publish","hentry"],"_links":{"self":[{"href":"https:\/\/sollalafami.com\/index.php\/wp-json\/wp\/v2\/pages\/359","targetHints":{"allow":["GET"]}}],"collection":[{"href":"https:\/\/sollalafami.com\/index.php\/wp-json\/wp\/v2\/pages"}],"about":[{"href":"https:\/\/sollalafami.com\/index.php\/wp-json\/wp\/v2\/types\/page"}],"author":[{"embeddable":true,"href":"https:\/\/sollalafami.com\/index.php\/wp-json\/wp\/v2\/users\/5"}],"replies":[{"embeddable":true,"href":"https:\/\/sollalafami.com\/index.php\/wp-json\/wp\/v2\/comments?post=359"}],"version-history":[{"count":140,"href":"https:\/\/sollalafami.com\/index.php\/wp-json\/wp\/v2\/pages\/359\/revisions"}],"predecessor-version":[{"id":1152,"href":"https:\/\/sollalafami.com\/index.php\/wp-json\/wp\/v2\/pages\/359\/revisions\/1152"}],"wp:attachment":[{"href":"https:\/\/sollalafami.com\/index.php\/wp-json\/wp\/v2\/media?parent=359"}],"curies":[{"name":"wp","href":"https:\/\/api.w.org\/{rel}","templated":true}]}}