{"id":362,"date":"2025-01-04T12:16:54","date_gmt":"2025-01-04T11:16:54","guid":{"rendered":"https:\/\/sollalafami.com\/index.php\/a-propos-2\/"},"modified":"2025-11-14T08:34:37","modified_gmt":"2025-11-14T07:34:37","slug":"a-propos","status":"publish","type":"page","link":"https:\/\/sollalafami.com\/index.php\/a-propos\/","title":{"rendered":"\u00c0 propos"},"content":{"rendered":"\t\t<div data-elementor-type=\"wp-page\" data-elementor-id=\"362\" class=\"elementor elementor-362\" data-elementor-post-type=\"page\">\n\t\t\t\t<div class=\"elementor-element elementor-element-aac0608 e-con-full e-flex e-con e-parent\" data-id=\"aac0608\" data-element_type=\"container\" data-settings=\"{&quot;background_background&quot;:&quot;classic&quot;}\">\n\t\t\t\t<div class=\"elementor-element elementor-element-2b16141e elementor-widget elementor-widget-heading\" data-id=\"2b16141e\" data-element_type=\"widget\" data-widget_type=\"heading.default\">\n\t\t\t\t<div class=\"elementor-widget-container\">\n\t\t\t\t\t<h1 class=\"elementor-heading-title elementor-size-default\">\u00e0 propos...<\/h1>\t\t\t\t<\/div>\n\t\t\t\t<\/div>\n\t\t\t\t<\/div>\n\t\t<div class=\"elementor-element elementor-element-1ea55c46 e-flex e-con-boxed e-con e-parent\" data-id=\"1ea55c46\" data-element_type=\"container\">\n\t\t\t\t\t<div class=\"e-con-inner\">\n\t\t<div class=\"elementor-element elementor-element-203c3f09 e-con-full e-flex e-con e-child\" data-id=\"203c3f09\" data-element_type=\"container\">\n\t\t\t\t<div class=\"elementor-element elementor-element-10687632 elementor-widget elementor-widget-heading\" data-id=\"10687632\" data-element_type=\"widget\" data-widget_type=\"heading.default\">\n\t\t\t\t<div class=\"elementor-widget-container\">\n\t\t\t\t\t<h1 class=\"elementor-heading-title elementor-size-default\">Charles-Antoine Robin<\/h1>\t\t\t\t<\/div>\n\t\t\t\t<\/div>\n\t\t\t\t<div class=\"elementor-element elementor-element-5a80933 elementor-widget elementor-widget-image\" data-id=\"5a80933\" data-element_type=\"widget\" data-widget_type=\"image.default\">\n\t\t\t\t<div class=\"elementor-widget-container\">\n\t\t\t\t\t\t\t\t\t\t\t\t\t\t\t<img fetchpriority=\"high\" decoding=\"async\" width=\"800\" height=\"800\" src=\"https:\/\/sollalafami.com\/wp-content\/uploads\/2025\/08\/Bienvenue-1024x1024.png\" class=\"attachment-large size-large wp-image-888\" alt=\"\" srcset=\"https:\/\/sollalafami.com\/wp-content\/uploads\/2025\/08\/Bienvenue-1024x1024.png 1024w, https:\/\/sollalafami.com\/wp-content\/uploads\/2025\/08\/Bienvenue-300x300.png 300w, https:\/\/sollalafami.com\/wp-content\/uploads\/2025\/08\/Bienvenue-150x150.png 150w, https:\/\/sollalafami.com\/wp-content\/uploads\/2025\/08\/Bienvenue-768x768.png 768w, https:\/\/sollalafami.com\/wp-content\/uploads\/2025\/08\/Bienvenue-1536x1536.png 1536w, https:\/\/sollalafami.com\/wp-content\/uploads\/2025\/08\/Bienvenue-600x600.png 600w, https:\/\/sollalafami.com\/wp-content\/uploads\/2025\/08\/Bienvenue-100x100.png 100w, https:\/\/sollalafami.com\/wp-content\/uploads\/2025\/08\/Bienvenue.png 2000w\" sizes=\"(max-width: 800px) 100vw, 800px\" \/>\t\t\t\t\t\t\t\t\t\t\t\t\t\t\t<\/div>\n\t\t\t\t<\/div>\n\t\t\t\t<\/div>\n\t\t<div class=\"elementor-element elementor-element-768a1567 e-con-full e-flex e-con e-child\" data-id=\"768a1567\" data-element_type=\"container\">\n\t\t\t\t<div class=\"elementor-element elementor-element-3d04f129 elementor-widget elementor-widget-text-editor\" data-id=\"3d04f129\" data-element_type=\"widget\" data-widget_type=\"text-editor.default\">\n\t\t\t\t<div class=\"elementor-widget-container\">\n\t\t\t\t\t\t\t\t\t<p>\u00a0<\/p><p>\u00a0<\/p><p>Je joue au piano depuis presque toujours. Parcours classique, acad\u00e9mique, passionnant. Enfant, des rencontres marquantes : Milosz Magin, Jean-Marc Luisada, Claude Valmont, l&rsquo;\u00e9cole Cortot,\u00a0<span style=\"color: var( --e-global-color-text ); font-family: var( --e-global-typography-text-font-family ), Sans-serif; font-size: var( --e-global-typography-text-font-size ); font-style: var( --e-global-typography-text-font-style ); font-weight: var( --e-global-typography-text-font-weight ); letter-spacing: var( --e-global-typography-text-letter-spacing ); text-transform: var( --e-global-typography-text-text-transform ); word-spacing: var( --e-global-typography-text-word-spacing ); text-align: var(--text-align); background-color: var( --e-global-color-a983356 );\">etc. etc.<\/span><\/p><p>Et la vie d&rsquo;adulte&#8230; Je travaille, je m&rsquo;occupe de mes enfants, et le piano m&rsquo;accompagne.<\/p><p>De proche en proche, j&rsquo;ai pr\u00e9f\u00e9r\u00e9 commencer \u00e0 \u00e9crire mes pi\u00e8ces, accessibles, et j&rsquo;ai d\u00e9sormais envie de les partager. Propos\u00e9es \u00e0 l&rsquo;\u00e9coute (version piano, ou produites); et des partitions propos\u00e9es \u00e0 un prix raisonnable je l&rsquo;esp\u00e8re !<\/p><p><strong>Pourquoi choisir mes partitions ?<\/strong><\/p><ul><li><p><strong>Originalit\u00e9<\/strong> : Toutes mes partitions sont des cr\u00e9ations, compos\u00e9es avec mes moments de vie, mes sensations.\u00a0<\/p><\/li><li><p><strong>Accessibilit\u00e9<\/strong> : Que vous soyez un pianiste d\u00e9butant ou plus avanc\u00e9, mes partitions se veulent accessibles, tout en offrant des petits d\u00e9fis enrichissants je l&rsquo;esp\u00e8re.<\/p><\/li><li><p><strong>Simplicit\u00e9<\/strong> : J&rsquo;aime les motifs simples, la musique m\u00e9lodique, dont on peut retenir et chantonner l&rsquo;air. J&rsquo;ai un go\u00fbt pour les morceaux courts, voire les miniatures. Plus faciles \u00e0 apprendre, \u00e0 retenir.<\/p><\/li><\/ul><p>D\u00e9couvrez des compositions qui \u00e9veilleront peut-\u00eatre votre cr\u00e9ativit\u00e9, une envie de faire de la musique ?\u00a0<\/p><p>Merci de soutenir la musique ind\u00e9pendante<\/p>\t\t\t\t\t\t\t\t<\/div>\n\t\t\t\t<\/div>\n\t\t\t\t<\/div>\n\t\t\t\t\t<\/div>\n\t\t\t\t<\/div>\n\t\t<div class=\"elementor-element elementor-element-1b75d91 e-flex e-con-boxed e-con e-parent\" data-id=\"1b75d91\" data-element_type=\"container\">\n\t\t\t\t\t<div class=\"e-con-inner\">\n\t\t\t\t\t<\/div>\n\t\t\t\t<\/div>\n\t\t\t\t<\/div>\n\t\t","protected":false},"excerpt":{"rendered":"<p>\u00e0 propos&#8230; Charles-Antoine Robin \u00a0 \u00a0 Je joue au piano depuis presque toujours. Parcours classique, acad\u00e9mique, passionnant. Enfant, des rencontres marquantes : Milosz Magin, Jean-Marc Luisada, Claude Valmont, l&rsquo;\u00e9cole Cortot,\u00a0etc. etc. Et la vie d&rsquo;adulte&#8230; Je travaille, je m&rsquo;occupe de mes enfants, et le piano m&rsquo;accompagne. De proche en proche, j&rsquo;ai pr\u00e9f\u00e9r\u00e9 commencer \u00e0 \u00e9crire [&hellip;]<\/p>\n","protected":false},"author":5,"featured_media":0,"parent":0,"menu_order":0,"comment_status":"closed","ping_status":"closed","template":"elementor_header_footer","meta":{"footnotes":""},"class_list":["post-362","page","type-page","status-publish","hentry"],"_links":{"self":[{"href":"https:\/\/sollalafami.com\/index.php\/wp-json\/wp\/v2\/pages\/362","targetHints":{"allow":["GET"]}}],"collection":[{"href":"https:\/\/sollalafami.com\/index.php\/wp-json\/wp\/v2\/pages"}],"about":[{"href":"https:\/\/sollalafami.com\/index.php\/wp-json\/wp\/v2\/types\/page"}],"author":[{"embeddable":true,"href":"https:\/\/sollalafami.com\/index.php\/wp-json\/wp\/v2\/users\/5"}],"replies":[{"embeddable":true,"href":"https:\/\/sollalafami.com\/index.php\/wp-json\/wp\/v2\/comments?post=362"}],"version-history":[{"count":94,"href":"https:\/\/sollalafami.com\/index.php\/wp-json\/wp\/v2\/pages\/362\/revisions"}],"predecessor-version":[{"id":1054,"href":"https:\/\/sollalafami.com\/index.php\/wp-json\/wp\/v2\/pages\/362\/revisions\/1054"}],"wp:attachment":[{"href":"https:\/\/sollalafami.com\/index.php\/wp-json\/wp\/v2\/media?parent=362"}],"curies":[{"name":"wp","href":"https:\/\/api.w.org\/{rel}","templated":true}]}}