{"id":1067,"date":"2025-11-27T21:27:12","date_gmt":"2025-11-27T20:27:12","guid":{"rendered":"https:\/\/sollalafami.com\/?post_type=product&#038;p=1067"},"modified":"2025-12-07T09:53:36","modified_gmt":"2025-12-07T08:53:36","slug":"mouvement-perpetuel","status":"publish","type":"product","link":"https:\/\/sollalafami.com\/index.php\/produit\/mouvement-perpetuel\/","title":{"rendered":"N\u00b01 &#8211; Mouvement Perp\u00e9tuel"},"content":{"rendered":"<p style=\"text-align: left;\"><img fetchpriority=\"high\" decoding=\"async\" class=\"alignleft wp-image-1108 size-medium\" src=\"https:\/\/sollalafami.com\/wp-content\/uploads\/2025\/11\/N\u00b01-Mouvement-Perpetuel-Preview-Web-300x231.png\" alt=\"N\u00b01 - Mouvement Perp\u00e9tuel ; N\u00b01 - Perpetual Motion\" width=\"300\" height=\"231\" srcset=\"https:\/\/sollalafami.com\/wp-content\/uploads\/2025\/11\/N\u00b01-Mouvement-Perpetuel-Preview-Web-300x231.png 300w, https:\/\/sollalafami.com\/wp-content\/uploads\/2025\/11\/N\u00b01-Mouvement-Perpetuel-Preview-Web-1024x790.png 1024w, https:\/\/sollalafami.com\/wp-content\/uploads\/2025\/11\/N\u00b01-Mouvement-Perpetuel-Preview-Web-768x592.png 768w, https:\/\/sollalafami.com\/wp-content\/uploads\/2025\/11\/N\u00b01-Mouvement-Perpetuel-Preview-Web-600x463.png 600w, https:\/\/sollalafami.com\/wp-content\/uploads\/2025\/11\/N\u00b01-Mouvement-Perpetuel-Preview-Web.png 1237w\" sizes=\"(max-width: 300px) 100vw, 300px\" \/>N\u00b01 &#8211; Mouvement Perp\u00e9tuel <em>(N\u00b01 &#8211; Perpetual Motion)<\/em> est une pi\u00e8ce enlev\u00e9e, articul\u00e9e autour d&rsquo;un sch\u00e9ma.Le temps passe, revient, mais malgr\u00e9 cette r\u00e9p\u00e9tition, toujours un peu diff\u00e9rent.<br \/>\nLes p\u00e9dales, les intentions, les articulations, les nuances changent, indiciblement. Passer d&rsquo;une battue \u00e0 la blanche \u00e0 une battue \u00e0 la noire ne change pas le temps, mais le balancement.<br \/>\nUne main gauche \u00ab\u00a0pilier\u00a0\u00bb, imperturbable. Elle est le temps.<br \/>\nQuelques grands \u00e9carts (10\u00e8mes) \u00e0 aller chercher \u00e0 gauche dans l&rsquo;envol\u00e9e \u00e0 partir de la mesure 59, mais pas si difficiles.<br \/>\nUne main droite qui peut chauffer un peu avec des accords rapides \u00e0 enchainer -&gt;\u00a0 \u00e0 caler lentement, souplement, tranquillement.<br \/>\nUne main droite qui ne pourra pas s&rsquo;\u00e9chapper de sa main gauche, ce temps implacable. Mais elle essayera.<\/p>\n<h5><\/h5>\n<h5 style=\"text-align: left;\"><span style=\"text-decoration: underline;\">Points cl\u00e9s :<\/span><\/h5>\n<p style=\"text-align: left;\" data-path-to-node=\"10\">Dans cette pi\u00e8ce, vous trouverez ces notions \u00e0 travailler, ou \u00e0 mettre en valeur :<\/p>\n<ul style=\"text-align: left;\">\n<li data-path-to-node=\"11,0,0\"><b>Main droite :\u00a0<\/b>De l&rsquo;endurance ! Accords, rapidit\u00e9, rythmes syncop\u00e9s (mais des passages en octave pour la reposer)<\/li>\n<li data-path-to-node=\"11,0,0\"><strong>Main gauche :<\/strong> D\u00e9placements (10\u00e8me)<\/li>\n<li data-path-to-node=\"11,1,0\"><b>Modification de signature rythmique :<\/b> Battue \u00e0 la blanche, \u00e0 la noire, 2\/2, 4\/4, 2\/4<\/li>\n<li data-path-to-node=\"11,2,0\"><b>Timbres \/ nuances : <\/b>Nombreuses alternances, p\u00e9dale dolce, jeu rapide mais pas fort, Con Brio, etc.<\/li>\n<li data-path-to-node=\"11,3,0\"><strong>Intention :<\/strong> Restituer le sentiment que l&rsquo;horloge tourne<\/li>\n<\/ul>\n<h3 style=\"text-align: left;\"><\/h3>\n<h5 style=\"text-align: left;\"><span style=\"text-decoration: underline;\">Fiche technique :<\/span><\/h5>\n<ul style=\"text-align: left;\">\n<li data-path-to-node=\"17,0,0\"><b>Tonalit\u00e9 :<\/b> Do mineur<\/li>\n<li data-path-to-node=\"17,0,0\"><strong>Mesure(s) :<\/strong> 2\/2 , 4\/4, 2\/4<\/li>\n<li><strong>Indication(s) de Tempo :<\/strong> Vivace, Allegro, Adagio<\/li>\n<li data-path-to-node=\"17,1,0\"><b>Dur\u00e9e :<\/b> 3&rsquo;04 environ<\/li>\n<li data-path-to-node=\"17,2,0\"><b>Nb de pages:<\/b> 7,5<\/li>\n<li><strong>Doigt\u00e9s :<\/strong> Oui (proposition du compositeur)<\/li>\n<li data-path-to-node=\"17,3,0\"><b>Niveau :<\/b> Fin de 2\u00e8me Cycle<\/li>\n<\/ul>\n<h3 style=\"text-align: left;\" data-path-to-node=\"18\"><\/h3>\n<h5 style=\"text-align: left;\" data-path-to-node=\"18\"><span style=\"text-decoration: underline;\">Arrangements :<\/span><\/h5>\n<p style=\"text-align: left;\">\u00c9coutez ce morceau sur les plateformes, dans un arrangement instrumental propos\u00e9 par Strangelove :<a style=\"color: white; text-decoration: underline;\" href=\"https:\/\/music.imusician.pro\/a\/Aixda6HQ\/\" target=\"_blank\" rel=\"noopener\">\ud83c\udfa7 Mouvement Perp\u00e9tuel<\/a><\/p>\n<h3 style=\"text-align: left;\"><\/h3>\n<h5 style=\"text-align: left;\"><span style=\"text-decoration: underline;\">Partition :<\/span><\/h5>\n<p style=\"text-align: left;\">La partition est disponible imm\u00e9diatement au t\u00e9l\u00e9chargement, au prix de :<\/p>\n","protected":false},"excerpt":{"rendered":"<p>Bient\u00f4t \u00e0 l&rsquo;\u00e9coute dans sa version piano&#8230;<\/p>\n","protected":false},"featured_media":1108,"comment_status":"open","ping_status":"closed","template":"","meta":[],"product_brand":[],"product_cat":[35],"product_tag":[],"class_list":{"0":"post-1067","1":"product","2":"type-product","3":"status-publish","4":"has-post-thumbnail","6":"product_cat-piano-n2","8":"first","9":"instock","10":"downloadable","11":"virtual","12":"purchasable","13":"product-type-simple"},"_links":{"self":[{"href":"https:\/\/sollalafami.com\/index.php\/wp-json\/wp\/v2\/product\/1067","targetHints":{"allow":["GET"]}}],"collection":[{"href":"https:\/\/sollalafami.com\/index.php\/wp-json\/wp\/v2\/product"}],"about":[{"href":"https:\/\/sollalafami.com\/index.php\/wp-json\/wp\/v2\/types\/product"}],"replies":[{"embeddable":true,"href":"https:\/\/sollalafami.com\/index.php\/wp-json\/wp\/v2\/comments?post=1067"}],"wp:featuredmedia":[{"embeddable":true,"href":"https:\/\/sollalafami.com\/index.php\/wp-json\/wp\/v2\/media\/1108"}],"wp:attachment":[{"href":"https:\/\/sollalafami.com\/index.php\/wp-json\/wp\/v2\/media?parent=1067"}],"wp:term":[{"taxonomy":"product_brand","embeddable":true,"href":"https:\/\/sollalafami.com\/index.php\/wp-json\/wp\/v2\/product_brand?post=1067"},{"taxonomy":"product_cat","embeddable":true,"href":"https:\/\/sollalafami.com\/index.php\/wp-json\/wp\/v2\/product_cat?post=1067"},{"taxonomy":"product_tag","embeddable":true,"href":"https:\/\/sollalafami.com\/index.php\/wp-json\/wp\/v2\/product_tag?post=1067"}],"curies":[{"name":"wp","href":"https:\/\/api.w.org\/{rel}","templated":true}]}}