{"id":1076,"date":"2025-11-27T22:32:02","date_gmt":"2025-11-27T21:32:02","guid":{"rendered":"https:\/\/sollalafami.com\/?post_type=product&#038;p=1076"},"modified":"2025-12-07T20:06:59","modified_gmt":"2025-12-07T19:06:59","slug":"n5-le-morceau-de-loulou","status":"publish","type":"product","link":"https:\/\/sollalafami.com\/index.php\/produit\/n5-le-morceau-de-loulou\/","title":{"rendered":"N\u00b05 &#8211; Le Morceau de Loulou"},"content":{"rendered":"<p><img fetchpriority=\"high\" decoding=\"async\" class=\"alignleft wp-image-1114 size-medium\" src=\"https:\/\/sollalafami.com\/wp-content\/uploads\/2025\/11\/N\u00b05-Le-Morceau-de-Loulou-WebPreview-300x231.png\" alt=\"N\u00b05 - Le Morceau de Loulou ; N\u00b05 - Loulou's Lullaby\" width=\"300\" height=\"231\" srcset=\"https:\/\/sollalafami.com\/wp-content\/uploads\/2025\/11\/N\u00b05-Le-Morceau-de-Loulou-WebPreview-300x231.png 300w, https:\/\/sollalafami.com\/wp-content\/uploads\/2025\/11\/N\u00b05-Le-Morceau-de-Loulou-WebPreview-1024x790.png 1024w, https:\/\/sollalafami.com\/wp-content\/uploads\/2025\/11\/N\u00b05-Le-Morceau-de-Loulou-WebPreview-768x592.png 768w, https:\/\/sollalafami.com\/wp-content\/uploads\/2025\/11\/N\u00b05-Le-Morceau-de-Loulou-WebPreview-600x463.png 600w, https:\/\/sollalafami.com\/wp-content\/uploads\/2025\/11\/N\u00b05-Le-Morceau-de-Loulou-WebPreview.png 1237w\" sizes=\"(max-width: 300px) 100vw, 300px\" \/><\/p>\n<p style=\"text-align: left;\">\u00ab\u00a0N\u00b05 &#8211; Le Morceau de Loulou\u00a0\u00bb (N\u00b05 &#8211; Loulou&rsquo;s Lullaby) est une pi\u00e8ce tendre, une berceuse.<br \/>\nPi\u00e8ce techniquement abordable, mais toute en d\u00e9licatesse, en fa mineur. Un fa mineur assez lumineux, diff\u00e9rent de celui de <a href=\"https:\/\/sollalafami.com\/index.php\/produit\/n4-tu-manques\/\" target=\"_blank\" rel=\"noopener\">\u00ab\u00a0N\u00b04 &#8211; Tu manques\u00a0\u00bb <em>(N\u00b04 &#8211; The Void You Left)<\/em><\/a><\/p>\n<p>Utiliser la p\u00e9dale douce, rester dans une petit cocon, dans une tendresse, un echo. Elle raconte, dans un temps tr\u00e8s court, un dialogue symbolique entre un enfant et un parent. Qui apprennent l&rsquo;un de l&rsquo;autre, qui se transmettent du sens, sans m\u00eame le savoir. Dans le passage dans les graves, j&rsquo;entends la voix de Jean R\u00e9no, c&rsquo;est plus fort que moi. Jean R\u00e9no qui raconte, prend sous son aile, \u00e9coute, explique, transmet. Mufassa n&rsquo;est pas loin&#8230;.<\/p>\n<h5 style=\"text-align: left;\"><span style=\"text-decoration: underline;\">Points cl\u00e9s :<\/span><\/h5>\n<p style=\"text-align: left;\" data-path-to-node=\"10\">Dans cette pi\u00e8ce, vous trouverez ces notions \u00e0 travailler, ou \u00e0 mettre en valeur :<\/p>\n<ul style=\"text-align: left;\">\n<li data-path-to-node=\"11,0,0\"><b>Rythmes :<\/b> Des rythmes syncop\u00e9s, des valeurs point\u00e9es \u00e0 mettre en place<\/li>\n<li data-path-to-node=\"11,1,0\"><b>Conduite de voix :<\/b> De la polyphonie \u00e0 la main droite, avec des petits contrechants \u00e0 faire sonner. Dans la r\u00e9exposition, \u00e0 main gauche, bien distinguer la basse, et le motif dans le m\u00e9dium, qui chante avec la main droite.<\/li>\n<li data-path-to-node=\"11,2,0\"><b>Nuances \/ P\u00e9dales :<\/b> L&rsquo;interlude est scand\u00e9 avec une petite p\u00e9dale de liaison, et une p\u00e9dale rythmique<\/li>\n<\/ul>\n<h3 style=\"text-align: left;\"><\/h3>\n<h5 style=\"text-align: left;\"><span style=\"text-decoration: underline;\">Fiche technique :<\/span><\/h5>\n<ul style=\"text-align: left;\">\n<li data-path-to-node=\"17,0,0\"><b>Tonalit\u00e9 :<\/b> Fa mineur<\/li>\n<li data-path-to-node=\"17,0,0\"><strong>Mesure(s) :<\/strong> 4\/4 (petit passage en 2\/4)<\/li>\n<li><strong>Indication(s) de Tempo :<\/strong> Moderato (env. \u2669= 108)<\/li>\n<li data-path-to-node=\"17,1,0\"><b>Dur\u00e9e :<\/b> 2&rsquo;00 environ<\/li>\n<li data-path-to-node=\"17,2,0\"><b>Nb de pages:<\/b> 4<\/li>\n<li><strong>Doigt\u00e9s :<\/strong> Oui (proposition du compositeur, petite main)<\/li>\n<li data-path-to-node=\"17,3,0\"><b>Niveau :<\/b> Interm\u00e9diaire \/ Fin de 2\u00e8me Cycle<\/li>\n<\/ul>\n<h3 style=\"text-align: left;\" data-path-to-node=\"18\"><\/h3>\n<h5 style=\"text-align: left;\" data-path-to-node=\"18\"><span style=\"text-decoration: underline;\">Arrangements :<\/span><\/h5>\n<p style=\"text-align: left;\">\u00c9coutez ce morceau sur les plateformes, dans un arrangement instrumental propos\u00e9 par Strangelove :<a style=\"color: white; text-decoration: underline;\" href=\"https:\/\/music.imusician.pro\/a\/-op4Xh4h\/\" target=\"_blank\" rel=\"noopener\">\ud83c\udfa7 Le Morceau de Loulou<\/a><\/p>\n<h3 style=\"text-align: left;\"><\/h3>\n<h5 style=\"text-align: left;\"><span style=\"text-decoration: underline;\">Partition :<\/span><\/h5>\n<p style=\"text-align: left;\">La partition est disponible imm\u00e9diatement au t\u00e9l\u00e9chargement, au prix de :<\/p>\n","protected":false},"excerpt":{"rendered":"<p>\u00c9coutez ce morceau dans sa version originale pour piano&#8230;<\/p>\n[audio mp3=\"https:\/\/sollalafami.com\/wp-content\/uploads\/2025\/11\/N\u00b05-Le-morceau-de-Loulou-Site.mp3\"][\/audio]\n","protected":false},"featured_media":1114,"comment_status":"open","ping_status":"closed","template":"","meta":[],"product_brand":[],"product_cat":[35],"product_tag":[],"class_list":{"0":"post-1076","1":"product","2":"type-product","3":"status-publish","4":"has-post-thumbnail","6":"product_cat-piano-n2","8":"first","9":"instock","10":"downloadable","11":"virtual","12":"purchasable","13":"product-type-simple"},"_links":{"self":[{"href":"https:\/\/sollalafami.com\/index.php\/wp-json\/wp\/v2\/product\/1076","targetHints":{"allow":["GET"]}}],"collection":[{"href":"https:\/\/sollalafami.com\/index.php\/wp-json\/wp\/v2\/product"}],"about":[{"href":"https:\/\/sollalafami.com\/index.php\/wp-json\/wp\/v2\/types\/product"}],"replies":[{"embeddable":true,"href":"https:\/\/sollalafami.com\/index.php\/wp-json\/wp\/v2\/comments?post=1076"}],"wp:featuredmedia":[{"embeddable":true,"href":"https:\/\/sollalafami.com\/index.php\/wp-json\/wp\/v2\/media\/1114"}],"wp:attachment":[{"href":"https:\/\/sollalafami.com\/index.php\/wp-json\/wp\/v2\/media?parent=1076"}],"wp:term":[{"taxonomy":"product_brand","embeddable":true,"href":"https:\/\/sollalafami.com\/index.php\/wp-json\/wp\/v2\/product_brand?post=1076"},{"taxonomy":"product_cat","embeddable":true,"href":"https:\/\/sollalafami.com\/index.php\/wp-json\/wp\/v2\/product_cat?post=1076"},{"taxonomy":"product_tag","embeddable":true,"href":"https:\/\/sollalafami.com\/index.php\/wp-json\/wp\/v2\/product_tag?post=1076"}],"curies":[{"name":"wp","href":"https:\/\/api.w.org\/{rel}","templated":true}]}}