{"id":1117,"date":"2025-12-04T23:50:36","date_gmt":"2025-12-04T22:50:36","guid":{"rendered":"https:\/\/sollalafami.com\/?post_type=product&#038;p=1117"},"modified":"2025-12-23T16:04:17","modified_gmt":"2025-12-23T15:04:17","slug":"n7-repetitif","status":"publish","type":"product","link":"https:\/\/sollalafami.com\/index.php\/produit\/n7-repetitif\/","title":{"rendered":"N\u00b07 &#8211; R\u00e9p\u00e9titif"},"content":{"rendered":"<p style=\"text-align: left;\"><img fetchpriority=\"high\" decoding=\"async\" class=\"alignleft wp-image-1118 size-medium\" src=\"https:\/\/sollalafami.com\/wp-content\/uploads\/2025\/12\/N\u00b07-Repetitif-webpreview-300x231.png\" alt=\"N\u00b07 - R\u00e9p\u00e9titif ; N\u00b07 - Patterns\" width=\"300\" height=\"231\" srcset=\"https:\/\/sollalafami.com\/wp-content\/uploads\/2025\/12\/N\u00b07-Repetitif-webpreview-300x231.png 300w, https:\/\/sollalafami.com\/wp-content\/uploads\/2025\/12\/N\u00b07-Repetitif-webpreview-1024x790.png 1024w, https:\/\/sollalafami.com\/wp-content\/uploads\/2025\/12\/N\u00b07-Repetitif-webpreview-768x592.png 768w, https:\/\/sollalafami.com\/wp-content\/uploads\/2025\/12\/N\u00b07-Repetitif-webpreview-600x463.png 600w, https:\/\/sollalafami.com\/wp-content\/uploads\/2025\/12\/N\u00b07-Repetitif-webpreview.png 1237w\" sizes=\"(max-width: 300px) 100vw, 300px\" \/>\u00ab\u00a0N\u00b07 &#8211; R\u00e9p\u00e9titif\u00a0\u00bb <em>(N\u00b07 &#8211; Patterns)<\/em> est une pi\u00e8ce m\u00e9ditative, pensive, minimaliste.<br \/>\nSur une base d&rsquo;ostinato (la main gauche ne bougera pas), la main droite d\u00e9roule un motif simple, ternaire, qui \u00e9volue. Cette pi\u00e8ce est accessible, lente, en la mineur.<br \/>\nIl s&rsquo;agit de se promener dans ce motif qui se r\u00e9p\u00e8te, mais qui \u00e9volue jusqu&rsquo;\u00e0 un forte oppressant.<\/p>\n<p>D\u00e9di\u00e9 \u00e0 H\u00e9l\u00e8ne S., professeur de piano, qui a \u00e9t\u00e9 la premi\u00e8re \u00e0 jouer une de mes pi\u00e8ces, il y a &#8230;. bien longtemps \ud83d\ude09 Et c&rsquo;\u00e9tait cette pi\u00e8ce l\u00e0.<\/p>\n<p>&nbsp;<\/p>\n<p>&nbsp;<\/p>\n<h5 style=\"text-align: left;\"><span style=\"text-decoration: underline;\">Points cl\u00e9s<\/span><\/h5>\n<p style=\"text-align: left;\" data-path-to-node=\"10\">Dans cette pi\u00e8ce, vous trouverez ces notions \u00e0 travailler, ou \u00e0 mettre en valeur<\/p>\n<ul style=\"text-align: left;\">\n<li data-path-to-node=\"11,0,0\"><b>Main droite :\u00a0<\/b>L\u00e9g\u00e8re polyphonie, triolets, faire sonner une m\u00e9lodie mininmaliste<\/li>\n<li data-path-to-node=\"11,0,0\"><strong>Intention :<\/strong> Introspection, M\u00e9ditation<\/li>\n<li data-path-to-node=\"11,0,0\"><b style=\"font-family: -apple-system, BlinkMacSystemFont, 'Segoe UI', Roboto, 'Helvetica Neue', Arial, 'Noto Sans', sans-serif, 'Apple Color Emoji', 'Segoe UI Emoji', 'Segoe UI Symbol', 'Noto Color Emoji';\">Son :<\/b><span style=\"font-family: -apple-system, BlinkMacSystemFont, 'Segoe UI', Roboto, 'Helvetica Neue', Arial, 'Noto Sans', sans-serif, 'Apple Color Emoji', 'Segoe UI Emoji', 'Segoe UI Symbol', 'Noto Color Emoji';\"> Faire sonner l&rsquo;ostinato \u00e0 la main gauche<\/span><\/li>\n<li data-path-to-node=\"11,3,0\"><b>Lecture :\u00a0<\/b>La pi\u00e8ce \u00e9tant \u00ab\u00a0facile\u00a0\u00bb, se pr\u00eate \u00e0 l&rsquo;exercice du d\u00e9chiffrage.<\/li>\n<\/ul>\n<h5 style=\"text-align: left;\"><span style=\"text-decoration: underline;\">Fiche technique<\/span><\/h5>\n<ul style=\"text-align: left;\">\n<li data-path-to-node=\"17,0,0\"><b>Tonalit\u00e9 :<\/b> La mineur<\/li>\n<li data-path-to-node=\"17,0,0\"><strong>Mesure(s) :<\/strong> 4\/4 (mais balancement ternaire)<\/li>\n<li><strong>Indication(s) de Tempo :<\/strong> Andantino (env. \u2669= 92)<\/li>\n<li data-path-to-node=\"17,1,0\"><b>Dur\u00e9e :<\/b> 1&rsquo;30 environ<\/li>\n<li data-path-to-node=\"17,2,0\"><b>Nb de pages:<\/b> 3,5<\/li>\n<li><strong>Doigt\u00e9s :<\/strong> Oui (proposition du compositeur, petite main)<\/li>\n<li data-path-to-node=\"17,3,0\"><b>Niveau :<\/b> Fin 1er Cycle pour la difficult\u00e9 en soi, un peu plus pour la recherche du timbre<\/li>\n<\/ul>\n<h5 style=\"text-align: left;\"><span style=\"text-decoration: underline;\">Partition :<\/span><\/h5>\n<p style=\"text-align: left;\">La partition est disponible imm\u00e9diatement au t\u00e9l\u00e9chargement, au prix de :<\/p>\n","protected":false},"excerpt":{"rendered":"<p>\u00c9couter la version piano&#8230;<\/p>\n[audio mp3=\"https:\/\/sollalafami.com\/wp-content\/uploads\/2025\/12\/N\u00b07-Repetitif-site.mp3\"][\/audio]\n","protected":false},"featured_media":1118,"comment_status":"open","ping_status":"closed","template":"","meta":[],"product_brand":[],"product_cat":[34],"product_tag":[],"class_list":{"0":"post-1117","1":"product","2":"type-product","3":"status-publish","4":"has-post-thumbnail","6":"product_cat-piano-n1","8":"first","9":"instock","10":"sale","11":"downloadable","12":"virtual","13":"purchasable","14":"product-type-simple"},"_links":{"self":[{"href":"https:\/\/sollalafami.com\/index.php\/wp-json\/wp\/v2\/product\/1117","targetHints":{"allow":["GET"]}}],"collection":[{"href":"https:\/\/sollalafami.com\/index.php\/wp-json\/wp\/v2\/product"}],"about":[{"href":"https:\/\/sollalafami.com\/index.php\/wp-json\/wp\/v2\/types\/product"}],"replies":[{"embeddable":true,"href":"https:\/\/sollalafami.com\/index.php\/wp-json\/wp\/v2\/comments?post=1117"}],"wp:featuredmedia":[{"embeddable":true,"href":"https:\/\/sollalafami.com\/index.php\/wp-json\/wp\/v2\/media\/1118"}],"wp:attachment":[{"href":"https:\/\/sollalafami.com\/index.php\/wp-json\/wp\/v2\/media?parent=1117"}],"wp:term":[{"taxonomy":"product_brand","embeddable":true,"href":"https:\/\/sollalafami.com\/index.php\/wp-json\/wp\/v2\/product_brand?post=1117"},{"taxonomy":"product_cat","embeddable":true,"href":"https:\/\/sollalafami.com\/index.php\/wp-json\/wp\/v2\/product_cat?post=1117"},{"taxonomy":"product_tag","embeddable":true,"href":"https:\/\/sollalafami.com\/index.php\/wp-json\/wp\/v2\/product_tag?post=1117"}],"curies":[{"name":"wp","href":"https:\/\/api.w.org\/{rel}","templated":true}]}}