{"id":372,"date":"2025-01-04T12:17:04","date_gmt":"2025-01-04T11:17:04","guid":{"rendered":"http:\/\/admin"},"modified":"2025-12-21T16:46:58","modified_gmt":"2025-12-21T15:46:58","slug":"n4-tu-manques","status":"publish","type":"product","link":"https:\/\/sollalafami.com\/index.php\/produit\/n4-tu-manques\/","title":{"rendered":"N\u00b04 &#8211; Tu manques"},"content":{"rendered":"<p><img fetchpriority=\"high\" decoding=\"async\" class=\"alignleft wp-image-1113 size-medium\" src=\"https:\/\/sollalafami.com\/wp-content\/uploads\/2025\/01\/N\u00b04-Tu-Manques-Webpreview-300x231.png\" alt=\"N\u00b04 - Tu Manques ; N\u00b04 - The Void You Left\" width=\"300\" height=\"231\" srcset=\"https:\/\/sollalafami.com\/wp-content\/uploads\/2025\/01\/N\u00b04-Tu-Manques-Webpreview-300x231.png 300w, https:\/\/sollalafami.com\/wp-content\/uploads\/2025\/01\/N\u00b04-Tu-Manques-Webpreview-1024x790.png 1024w, https:\/\/sollalafami.com\/wp-content\/uploads\/2025\/01\/N\u00b04-Tu-Manques-Webpreview-768x592.png 768w, https:\/\/sollalafami.com\/wp-content\/uploads\/2025\/01\/N\u00b04-Tu-Manques-Webpreview-600x463.png 600w, https:\/\/sollalafami.com\/wp-content\/uploads\/2025\/01\/N\u00b04-Tu-Manques-Webpreview.png 1237w\" sizes=\"(max-width: 300px) 100vw, 300px\" \/><\/p>\n<p style=\"text-align: left;\">\u00ab\u00a0N\u00b04 &#8211; Tu manques\u00a0\u00bb <em>(N\u00b04 &#8211; The Void You Left) <\/em>est une pi\u00e8ce m\u00e9lancolique. Un fa mineur expressif, enveloppant, une modulation vers Sib mineur (la sous dominante) qui oscille entre la tendresse et le regret, nous enfon\u00e7ant dans le fauteuil, ou sous la couette.<br \/>\nIl y a des absents dans cette musique.<br \/>\nAvec les ann\u00e9es, les visages s&rsquo;estompent, les voix s&rsquo;oublient, les souvenirs s&rsquo;\u00e9chappent. Mais nous les savons l\u00e0, et il faut parfois chercher, explorer dans notre m\u00e9moire, pour les ramener, le temps d&rsquo;une pens\u00e9e.<\/p>\n<p style=\"text-align: left;\">Dans cette pi\u00e8ce, j&rsquo;aime jouer avec les r\u00e9sonances, les p\u00e9dales et les retards. Je la joue assez lentement. La version \u00e9crite pr\u00e9sente un certain jeu de nuances, mais je change souvent, selon mon humeur. Surtout la derni\u00e8re partie avec les arp\u00e8ges \u00e0 la main gauche : soit jou\u00e9e assez fort en faisant sonner le sol en bas, ou plut\u00f4t feutr\u00e9e avec la p\u00e9dale dolce.<\/p>\n<p>&nbsp;<\/p>\n<h5 style=\"text-align: left;\"><span style=\"text-decoration: underline;\">Points cl\u00e9s :<\/span><\/h5>\n<p style=\"text-align: left;\" data-path-to-node=\"10\">Dans cette pi\u00e8ce, vous trouverez ces notions \u00e0 travailler, ou \u00e0 mettre en valeur\u00a0 :<\/p>\n<ul style=\"text-align: left;\">\n<li data-path-to-node=\"11,0,0\"><b>Main gauche :<\/b> Pas de difficult\u00e9s techniques importantes, basse d&rsquo;Alberti, des notes \u00e0 faire ressortir, des arp\u00e8ges descendants \u00e0 articuler \u00e0 la fin, dans un timbre feutr\u00e9.<\/li>\n<li data-path-to-node=\"11,1,0\"><b>P\u00e9dale :<\/b> Mesure 53 ! Il faut noyer l&rsquo;arriv\u00e9e du Sib mineur dans la r\u00e9sonance (ma proposition) et amener la main gauche indiciblement, en profitant du Crescendo qui le pr\u00e9c\u00e8de<\/li>\n<li data-path-to-node=\"11,2,0\"><b>Nuances :\u00a0<\/b>Ton intime, feutr\u00e9, avec n\u00e9anmoins un bref agitato \u00e0 faire sonner.<\/li>\n<li data-path-to-node=\"11,3,0\"><b>Dissonances :<\/b> Bien respecter la partition pour certaines notes de la main gauche&#8230;. ces petites dissonances, retards, marquent l&rsquo;estompe des souvenirs.<\/li>\n<\/ul>\n<h3 style=\"text-align: left;\"><\/h3>\n<h5 style=\"text-align: left;\"><span style=\"text-decoration: underline;\">Fiche technique :<\/span><\/h5>\n<ul style=\"text-align: left;\">\n<li data-path-to-node=\"17,0,0\"><b>Tonalit\u00e9s :<\/b> Fa mineur puis Sib mineur<\/li>\n<li data-path-to-node=\"17,0,0\"><strong>Mesure :<\/strong> 4\/4<\/li>\n<li><strong>Indication(s) de Tempo :<\/strong> Andante Moderato (env. \u2669= 96)<\/li>\n<li data-path-to-node=\"17,1,0\"><b>Dur\u00e9e :<\/b> 3&rsquo;40 environ<\/li>\n<li data-path-to-node=\"17,2,0\"><b>Nb de pages:<\/b> 4,5<\/li>\n<li><strong>Doigt\u00e9s :<\/strong> Oui (proposition du compositeur, petite main)<\/li>\n<li data-path-to-node=\"17,3,0\"><b>Niveau :<\/b> Interm\u00e9diaire \/ Fin de 2\u00e8me Cycle<\/li>\n<\/ul>\n<h3 style=\"text-align: left;\" data-path-to-node=\"18\"><\/h3>\n<h5 style=\"text-align: left;\" data-path-to-node=\"18\"><span style=\"text-decoration: underline;\">Arrangements :<\/span><\/h5>\n<p style=\"text-align: left;\">\u00c9coutez ce morceau sur les plateformes, dans un arrangement instrumental propos\u00e9 par Strangelove :<a style=\"color: white; text-decoration: underline;\" href=\"https:\/\/music.imusician.pro\/a\/npnblXkU\/\" target=\"_blank\" rel=\"noopener\">\ud83c\udfa7 Tu Manques<\/a><\/p>\n<h3 style=\"text-align: left;\"><\/h3>\n<h5 style=\"text-align: left;\"><span style=\"text-decoration: underline;\">Partition :<\/span><\/h5>\n<p style=\"text-align: left;\">La partition est disponible imm\u00e9diatement au t\u00e9l\u00e9chargement, au prix de :<\/p>\n","protected":false},"excerpt":{"rendered":"<p>\u00c9coutez ce morceau &#8230;<\/p>\n[audio mp3=\"https:\/\/sollalafami.com\/wp-content\/uploads\/2025\/01\/N\u00b04-Tu-manques-Site.mp3\"][\/audio]\n","protected":false},"featured_media":1113,"comment_status":"open","ping_status":"closed","template":"","meta":[],"product_brand":[],"product_cat":[35],"product_tag":[],"class_list":{"0":"post-372","1":"product","2":"type-product","3":"status-publish","4":"has-post-thumbnail","6":"product_cat-piano-n2","8":"first","9":"instock","10":"downloadable","11":"virtual","12":"purchasable","13":"product-type-simple"},"_links":{"self":[{"href":"https:\/\/sollalafami.com\/index.php\/wp-json\/wp\/v2\/product\/372","targetHints":{"allow":["GET"]}}],"collection":[{"href":"https:\/\/sollalafami.com\/index.php\/wp-json\/wp\/v2\/product"}],"about":[{"href":"https:\/\/sollalafami.com\/index.php\/wp-json\/wp\/v2\/types\/product"}],"replies":[{"embeddable":true,"href":"https:\/\/sollalafami.com\/index.php\/wp-json\/wp\/v2\/comments?post=372"}],"wp:featuredmedia":[{"embeddable":true,"href":"https:\/\/sollalafami.com\/index.php\/wp-json\/wp\/v2\/media\/1113"}],"wp:attachment":[{"href":"https:\/\/sollalafami.com\/index.php\/wp-json\/wp\/v2\/media?parent=372"}],"wp:term":[{"taxonomy":"product_brand","embeddable":true,"href":"https:\/\/sollalafami.com\/index.php\/wp-json\/wp\/v2\/product_brand?post=372"},{"taxonomy":"product_cat","embeddable":true,"href":"https:\/\/sollalafami.com\/index.php\/wp-json\/wp\/v2\/product_cat?post=372"},{"taxonomy":"product_tag","embeddable":true,"href":"https:\/\/sollalafami.com\/index.php\/wp-json\/wp\/v2\/product_tag?post=372"}],"curies":[{"name":"wp","href":"https:\/\/api.w.org\/{rel}","templated":true}]}}