{"id":373,"date":"2025-01-04T12:17:04","date_gmt":"2025-01-04T11:17:04","guid":{"rendered":"http:\/\/admin"},"modified":"2025-12-10T16:10:39","modified_gmt":"2025-12-10T15:10:39","slug":"n3-rondes-interieures","status":"publish","type":"product","link":"https:\/\/sollalafami.com\/index.php\/produit\/n3-rondes-interieures\/","title":{"rendered":"N\u00b03 &#8211; Rondes int\u00e9rieures"},"content":{"rendered":"<p style=\"text-align: left;\"><img fetchpriority=\"high\" decoding=\"async\" class=\"alignleft wp-image-1112 size-medium\" src=\"https:\/\/sollalafami.com\/wp-content\/uploads\/2025\/01\/N\u00b03-Rondes-Interieures-Webpreview-300x231.png\" alt=\"N\u00b03 - Rondes Int\u00e9rieures ; N\u00b03 Inner Rounds\" width=\"300\" height=\"231\" srcset=\"https:\/\/sollalafami.com\/wp-content\/uploads\/2025\/01\/N\u00b03-Rondes-Interieures-Webpreview-300x231.png 300w, https:\/\/sollalafami.com\/wp-content\/uploads\/2025\/01\/N\u00b03-Rondes-Interieures-Webpreview-1024x790.png 1024w, https:\/\/sollalafami.com\/wp-content\/uploads\/2025\/01\/N\u00b03-Rondes-Interieures-Webpreview-768x592.png 768w, https:\/\/sollalafami.com\/wp-content\/uploads\/2025\/01\/N\u00b03-Rondes-Interieures-Webpreview-600x463.png 600w, https:\/\/sollalafami.com\/wp-content\/uploads\/2025\/01\/N\u00b03-Rondes-Interieures-Webpreview.png 1237w\" sizes=\"(max-width: 300px) 100vw, 300px\" \/>\u00ab\u00a0N\u00b03 &#8211; Rondes int\u00e9rieures\u00a0\u00bb <em>(N\u00b03 &#8211; Inner Rounds)<\/em> est une pi\u00e8ce portant sur les \u00ab\u00a0cogitations\u00a0\u00bb de nuit, quand l&rsquo;esprit ne peut pas s&rsquo;arr\u00eater de penser. Et on tourne sur une id\u00e9e, puis sur une autre, puis sur une autre&#8230; On se parle, on s&rsquo;interroge, et on tourne dans notre esprit.<\/p>\n<p style=\"text-align: left;\">Une forme impromptu, une main gauche tr\u00e8s importante, pr\u00e9sente. Des passages syncop\u00e9es \u00e0 droite, un petit travail sur les octaves dans la troisi\u00e8me partie qui ne r\u00e9sistera pas \u00e0 un travail lent, ou simplement \u00e0 le jouer bien plus souvent lentement que rapidement. J&rsquo;indique des vitesses indicatives, plus lent ou plus rapide, abordez le comme c&rsquo;est confortable pour vous.<\/p>\n<p>&nbsp;<\/p>\n<p>&nbsp;<\/p>\n<h5 style=\"text-align: left;\"><span style=\"text-decoration: underline;\">Points cl\u00e9s :<\/span><\/h5>\n<p style=\"text-align: left;\" data-path-to-node=\"10\">Dans cette pi\u00e8ce, vous trouverez ces notions \u00e0 travailler, ou \u00e0 mettre en valeur :<\/p>\n<ul style=\"text-align: left;\">\n<li data-path-to-node=\"11,0,0\"><b>Ind\u00e9pendance des mains :<\/b> La main gauche chante, basse d&rsquo;alberti \u00e0 gauche et octaves \u00e0 droite, petite conduite de voie dans la conclusion, la main droite rappelant le motif de l&rsquo;introduction sur celui de la deuxi\u00e8me partie.<\/li>\n<li data-path-to-node=\"11,1,0\"><b>Main droite :<\/b> De la l\u00e9geret\u00e9 dans des traits continus, un travail d&rsquo;octave, 2 motifs dans la conclusion<\/li>\n<li data-path-to-node=\"11,2,0\"><b>P\u00e9dales :<\/b> Petit jeu de p\u00e9dale rythmique dans la fin de la partie 1. \/ Jeu sans p\u00e9dale dans la partie 2.<\/li>\n<li data-path-to-node=\"11,3,0\"><b>Intention :\u00a0<\/b>La partie 2. bien que l\u00e9g\u00e8rement technique, doit garder un timbre r\u00e9fl\u00e9xif, pensif, et non de d\u00e9monstration de dext\u00e9rit\u00e9.<\/li>\n<\/ul>\n<h3 style=\"text-align: left;\"><\/h3>\n<h5 style=\"text-align: left;\"><span style=\"text-decoration: underline;\">Fiche technique :<\/span><\/h5>\n<ul style=\"text-align: left;\">\n<li data-path-to-node=\"17,0,0\"><b>Tonalit\u00e9 :<\/b> Do mineur<\/li>\n<li data-path-to-node=\"17,0,0\"><strong>Mesure(s) :<\/strong> 2\/2<\/li>\n<li><strong>Indication(s) de Tempo :<\/strong> Allegretto (Blanche \u00e0 120)<\/li>\n<li data-path-to-node=\"17,1,0\"><b>Dur\u00e9e :<\/b> 2&rsquo;00 environ<\/li>\n<li data-path-to-node=\"17,2,0\"><b>Nb de pages:<\/b> 5<\/li>\n<li><strong>Doigt\u00e9s :<\/strong> Oui (proposition du compositeur, petite main)<\/li>\n<li data-path-to-node=\"17,3,0\"><b>Niveau :<\/b> Interm\u00e9diaire \/ Fin de 2\u00e8me Cycle<\/li>\n<\/ul>\n<h3 style=\"text-align: left;\" data-path-to-node=\"18\"><\/h3>\n<h3 style=\"text-align: left;\"><\/h3>\n<h5 style=\"text-align: left;\"><span style=\"text-decoration: underline;\">Partition :<\/span><\/h5>\n<p style=\"text-align: left;\">La partition est disponible imm\u00e9diatement au t\u00e9l\u00e9chargement, au prix de :<\/p>\n","protected":false},"excerpt":{"rendered":"<p>\u00c9coutez ce morceau &#8230;<\/p>\n[audio mp3=\"https:\/\/sollalafami.com\/wp-content\/uploads\/2025\/01\/N\u00b03-Rondes-Interieures-site.mp3\"][\/audio]\n","protected":false},"featured_media":1112,"comment_status":"open","ping_status":"closed","template":"","meta":[],"product_brand":[],"product_cat":[19,35,38],"product_tag":[],"class_list":{"0":"post-373","1":"product","2":"type-product","3":"status-publish","4":"has-post-thumbnail","6":"product_cat-non-classe","7":"product_cat-piano-n2","8":"product_cat-piano-n","10":"first","11":"instock","12":"downloadable","13":"virtual","14":"purchasable","15":"product-type-simple"},"_links":{"self":[{"href":"https:\/\/sollalafami.com\/index.php\/wp-json\/wp\/v2\/product\/373","targetHints":{"allow":["GET"]}}],"collection":[{"href":"https:\/\/sollalafami.com\/index.php\/wp-json\/wp\/v2\/product"}],"about":[{"href":"https:\/\/sollalafami.com\/index.php\/wp-json\/wp\/v2\/types\/product"}],"replies":[{"embeddable":true,"href":"https:\/\/sollalafami.com\/index.php\/wp-json\/wp\/v2\/comments?post=373"}],"wp:featuredmedia":[{"embeddable":true,"href":"https:\/\/sollalafami.com\/index.php\/wp-json\/wp\/v2\/media\/1112"}],"wp:attachment":[{"href":"https:\/\/sollalafami.com\/index.php\/wp-json\/wp\/v2\/media?parent=373"}],"wp:term":[{"taxonomy":"product_brand","embeddable":true,"href":"https:\/\/sollalafami.com\/index.php\/wp-json\/wp\/v2\/product_brand?post=373"},{"taxonomy":"product_cat","embeddable":true,"href":"https:\/\/sollalafami.com\/index.php\/wp-json\/wp\/v2\/product_cat?post=373"},{"taxonomy":"product_tag","embeddable":true,"href":"https:\/\/sollalafami.com\/index.php\/wp-json\/wp\/v2\/product_tag?post=373"}],"curies":[{"name":"wp","href":"https:\/\/api.w.org\/{rel}","templated":true}]}}