{"id":374,"date":"2025-01-04T12:17:04","date_gmt":"2025-01-04T11:17:04","guid":{"rendered":"http:\/\/admin"},"modified":"2025-12-07T18:26:01","modified_gmt":"2025-12-07T17:26:01","slug":"n6-il-etait-une-fois","status":"publish","type":"product","link":"https:\/\/sollalafami.com\/index.php\/produit\/n6-il-etait-une-fois\/","title":{"rendered":"N\u00b06 &#8211; Il \u00e9tait une fois"},"content":{"rendered":"<p><img fetchpriority=\"high\" decoding=\"async\" class=\"alignleft wp-image-1110 size-medium\" src=\"https:\/\/sollalafami.com\/wp-content\/uploads\/2025\/01\/N\u00b06-Il-etait-une-fois-WebPreview-300x231.png\" alt=\"N\u00b06 - Il \u00e9tait une fois ; N\u00b06 - Once Upon A Time\" width=\"300\" height=\"231\" srcset=\"https:\/\/sollalafami.com\/wp-content\/uploads\/2025\/01\/N\u00b06-Il-etait-une-fois-WebPreview-300x231.png 300w, https:\/\/sollalafami.com\/wp-content\/uploads\/2025\/01\/N\u00b06-Il-etait-une-fois-WebPreview-1024x790.png 1024w, https:\/\/sollalafami.com\/wp-content\/uploads\/2025\/01\/N\u00b06-Il-etait-une-fois-WebPreview-768x592.png 768w, https:\/\/sollalafami.com\/wp-content\/uploads\/2025\/01\/N\u00b06-Il-etait-une-fois-WebPreview-600x463.png 600w, https:\/\/sollalafami.com\/wp-content\/uploads\/2025\/01\/N\u00b06-Il-etait-une-fois-WebPreview.png 1237w\" sizes=\"(max-width: 300px) 100vw, 300px\" \/><\/p>\n<p style=\"text-align: left;\">\u00ab\u00a0N\u00b06 &#8211; Il \u00e9tait une fois\u00a0\u00bb (N\u00b06 &#8211; Once Upon A Time) a \u00e9t\u00e9 \u00e9crit en ayant \u00e0 l&rsquo;esprit un parent. Un parent parti, comme nous en avons tous. Un ancien, une histoire qui ne sera plus racont\u00e9e par quelqu&rsquo;un, mais d\u00e9sormais par des souvenirs. Par ceux qui restent. Un peu voil\u00e9, un peu m\u00e9lancolique, mais pas triste. Ce morceau en la mineur n&rsquo;est pas triste.<br \/>\nRestent les souvenirs, m\u00eame lointains, les photos, les \u0153uvres, les \u00e9crits. Ce qui nous fait sourire. Cette pi\u00e8ce n&rsquo;est pas faite de virtuosit\u00e9, mais est assez exigeante. Faire ressortir la m\u00e9lodie, faire chuchoter les accords. Ils sont l\u00e0 pour soutenir l&rsquo;histoire. J&rsquo;ai choisi de faire figurer les dur\u00e9e de notes \u00ab\u00a0per\u00e7ues\u00a0\u00bb, m\u00eame si les r\u00e9p\u00e9titions des accords ne rendent pas possibles les tenues, qui seront faites avec la p\u00e9dale. Mais cela vous donnera le guide m\u00e9lodique. Le retour du th\u00e8me initial avec sextolets \u00e0 gauche, double croches \u00e0 droites, en mouvement contraires demandera un peu de travail, mais vous verrez que cela tombe bien sous les doigts (aidez vous des poignets).<br \/>\nJ&rsquo;esp\u00e8re que vous trouverez un peu d&rsquo;\u00e9cho dans ce morceau, ou peut-\u00eatre une autre histoire, un autre sens, d&rsquo;autres images. Je me ferais un plaisir d&rsquo;\u00e9couter vos versions.<\/p>\n<p>&nbsp;<\/p>\n<h5 style=\"text-align: left;\"><span style=\"text-decoration: underline;\">Points cl\u00e9s :<\/span><\/h5>\n<p style=\"text-align: left;\" data-path-to-node=\"10\">Dans cette pi\u00e8ce, vous trouverez ces notions \u00e0 travailler, ou \u00e0 mettre en valeur :<\/p>\n<ul style=\"text-align: left;\">\n<li data-path-to-node=\"11,0,0\"><b>Ind\u00e9pendance des mains :<\/b> Mouvements contraires rapides, M\u00e9lodie passant de la main droite \u00e0 la main gauche.<\/li>\n<li data-path-to-node=\"11,1,0\"><b>Modification de signature rythmique :<\/b> 2\/2 et 4\/4<\/li>\n<li data-path-to-node=\"11,2,0\"><b>Accords :<\/b> Beaucoup d&rsquo;accords \u00e0 4 sons, \u00e0 main droite comme \u00e0 main gauche (prise d&#8217;empreinte)<\/li>\n<li data-path-to-node=\"11,3,0\"><b>Endurance :<\/b> Il faudra tenir le final sans raidir.. \u00e7a joue vite, mais pas fort&#8230; il faut rester souple jusqu&rsquo;au Fortissimo<\/li>\n<li data-path-to-node=\"11,3,0\"><strong>Main gauche :\u00a0<\/strong>La main gauche travaille dans cette pi\u00e8ce (accords \u00e0 4 sons, accompagnement basse + accords \u00e0 3 sons, sextolets, quelques d\u00e9placements, et retour au calme).<\/li>\n<\/ul>\n<h3 style=\"text-align: left;\"><\/h3>\n<h5 style=\"text-align: left;\"><span style=\"text-decoration: underline;\">Fiche technique :<\/span><\/h5>\n<ul style=\"text-align: left;\">\n<li data-path-to-node=\"17,0,0\"><b>Tonalit\u00e9 :<\/b> La mineur<\/li>\n<li data-path-to-node=\"17,0,0\"><strong>Mesure(s) :<\/strong> 2\/2 et 4\/4<\/li>\n<li><strong>Indication(s) de Tempo :<\/strong> Andante, Allegro Moderato, Andantino, Andante Moderato<\/li>\n<li data-path-to-node=\"17,1,0\"><b>Dur\u00e9e :<\/b> 4&rsquo;10 environ<\/li>\n<li data-path-to-node=\"17,2,0\"><b>Nb de pages:<\/b> 9<\/li>\n<li><strong>Doigt\u00e9s :<\/strong> Oui (proposition du compositeur, petite main)<\/li>\n<li data-path-to-node=\"17,3,0\"><b>Niveau :<\/b> Interm\u00e9diaire \/ Fin de 2\u00e8me Cycle<\/li>\n<\/ul>\n<h3 style=\"text-align: left;\" data-path-to-node=\"18\"><\/h3>\n<h5 style=\"text-align: left;\" data-path-to-node=\"18\"><span style=\"text-decoration: underline;\">Arrangements :<\/span><\/h5>\n<p style=\"text-align: left;\">\u00c9coutez ce morceau sur les plateformes, dans un arrangement instrumental propos\u00e9 par Strangelove :<a style=\"color: white; text-decoration: underline;\" href=\"https:\/\/music.imusician.pro\/a\/yzac04aA\/\" target=\"_blank\" rel=\"noopener\">\ud83c\udfa7 Il \u00e9tait une fois<\/a><\/p>\n<h3 style=\"text-align: left;\"><\/h3>\n<h5 style=\"text-align: left;\"><span style=\"text-decoration: underline;\">Partition :<\/span><\/h5>\n<p style=\"text-align: left;\">La partition est disponible imm\u00e9diatement au t\u00e9l\u00e9chargement, au prix de :<\/p>\n","protected":false},"excerpt":{"rendered":"<p>\u00c9coutez ce morceau &#8230;<\/p>\n[audio mp3=\"https:\/\/sollalafami.com\/wp-content\/uploads\/2024\/11\/Recueil-N\u00b06-Il-etait-une-fois.mp3\"][\/audio]\n","protected":false},"featured_media":1110,"comment_status":"open","ping_status":"closed","template":"","meta":[],"product_brand":[],"product_cat":[35],"product_tag":[],"class_list":{"0":"post-374","1":"product","2":"type-product","3":"status-publish","4":"has-post-thumbnail","6":"product_cat-piano-n2","8":"first","9":"instock","10":"downloadable","11":"virtual","12":"purchasable","13":"product-type-simple"},"_links":{"self":[{"href":"https:\/\/sollalafami.com\/index.php\/wp-json\/wp\/v2\/product\/374","targetHints":{"allow":["GET"]}}],"collection":[{"href":"https:\/\/sollalafami.com\/index.php\/wp-json\/wp\/v2\/product"}],"about":[{"href":"https:\/\/sollalafami.com\/index.php\/wp-json\/wp\/v2\/types\/product"}],"replies":[{"embeddable":true,"href":"https:\/\/sollalafami.com\/index.php\/wp-json\/wp\/v2\/comments?post=374"}],"wp:featuredmedia":[{"embeddable":true,"href":"https:\/\/sollalafami.com\/index.php\/wp-json\/wp\/v2\/media\/1110"}],"wp:attachment":[{"href":"https:\/\/sollalafami.com\/index.php\/wp-json\/wp\/v2\/media?parent=374"}],"wp:term":[{"taxonomy":"product_brand","embeddable":true,"href":"https:\/\/sollalafami.com\/index.php\/wp-json\/wp\/v2\/product_brand?post=374"},{"taxonomy":"product_cat","embeddable":true,"href":"https:\/\/sollalafami.com\/index.php\/wp-json\/wp\/v2\/product_cat?post=374"},{"taxonomy":"product_tag","embeddable":true,"href":"https:\/\/sollalafami.com\/index.php\/wp-json\/wp\/v2\/product_tag?post=374"}],"curies":[{"name":"wp","href":"https:\/\/api.w.org\/{rel}","templated":true}]}}