{"id":375,"date":"2025-01-05T12:17:04","date_gmt":"2025-01-05T11:17:04","guid":{"rendered":"http:\/\/admin"},"modified":"2025-12-04T23:47:55","modified_gmt":"2025-12-04T22:47:55","slug":"n8-ensemble","status":"publish","type":"product","link":"https:\/\/sollalafami.com\/index.php\/produit\/n8-ensemble\/","title":{"rendered":"N\u00b08 &#8211; Ensemble"},"content":{"rendered":"<p><img fetchpriority=\"high\" decoding=\"async\" class=\"alignleft wp-image-1115 size-medium\" src=\"https:\/\/sollalafami.com\/wp-content\/uploads\/2025\/01\/N\u00b08-Ensemble-webpreview-1-300x231.png\" alt=\"N\u00b08 - Ensemble ; N\u00b08 - As One\" width=\"300\" height=\"231\" srcset=\"https:\/\/sollalafami.com\/wp-content\/uploads\/2025\/01\/N\u00b08-Ensemble-webpreview-1-300x231.png 300w, https:\/\/sollalafami.com\/wp-content\/uploads\/2025\/01\/N\u00b08-Ensemble-webpreview-1-1024x790.png 1024w, https:\/\/sollalafami.com\/wp-content\/uploads\/2025\/01\/N\u00b08-Ensemble-webpreview-1-768x592.png 768w, https:\/\/sollalafami.com\/wp-content\/uploads\/2025\/01\/N\u00b08-Ensemble-webpreview-1-600x463.png 600w, https:\/\/sollalafami.com\/wp-content\/uploads\/2025\/01\/N\u00b08-Ensemble-webpreview-1.png 1237w\" sizes=\"(max-width: 300px) 100vw, 300px\" \/><\/p>\n<p style=\"text-align: left;\">\u00ab\u00a0N\u00b08 &#8211; Ensemble\u00a0\u00bb est un morceau qui me tient \u00e0 coeur. Les premi\u00e8res lignes me sont venues il y a quelques ann\u00e9es, et j&rsquo;ai \u00e9t\u00e9 frustr\u00e9 longtemps de tourner en rond sur le d\u00e9but. Je travaille \u00e0 la sensation, au feeling. Je n&rsquo;\u00e9cris pas \u00ab\u00a0sur table\u00a0\u00bb avec les \u00ab\u00a0r\u00e8gles\u00a0\u00bb, je capte mes ressentis au clavier.<br \/>\nEt \u00ab\u00a0N\u00b08 &#8211; Ensemble\u00a0\u00bb me r\u00e9sistait tranquillement.<br \/>\nEt puis une rencontre, et la suite est venue. Des ann\u00e9es apr\u00e8s avoir jet\u00e9 ces premi\u00e8res notes.<br \/>\nDans \u00ab\u00a0N\u00b08 &#8211; Ensemble\u00a0\u00bb, ce qui me plait \u00e0 jouer, ce sont les petits contrechants de la main gauche (surveillez le pouce !). Il y a de quoi poser quelques empreintes \u00e0 la main gauche, aborder les 3 pour 2 sur la fin, travailler ses octaves. C&rsquo;est un morceau que j&rsquo;aime travailler lentement, j&rsquo;ai l&rsquo;impression de m&rsquo;ancrer dans le clavier ce faisant. Je l&rsquo;ai cependant enregistr\u00e9 \u00e0 un tempo plus allant pour la maquette.<\/p>\n","protected":false},"excerpt":{"rendered":"<p>\u00c9coutez ce morceau &#8230;<\/p>\n[audio mp3=\"https:\/\/sollalafami.com\/wp-content\/uploads\/2025\/01\/N\u00b08-Ensemble.mp3\"][\/audio]\n","protected":false},"featured_media":1115,"comment_status":"open","ping_status":"closed","template":"","meta":[],"product_brand":[],"product_cat":[19,35],"product_tag":[],"class_list":{"0":"post-375","1":"product","2":"type-product","3":"status-publish","4":"has-post-thumbnail","6":"product_cat-non-classe","7":"product_cat-piano-n2","9":"first","10":"instock","11":"downloadable","12":"virtual","13":"purchasable","14":"product-type-simple"},"_links":{"self":[{"href":"https:\/\/sollalafami.com\/index.php\/wp-json\/wp\/v2\/product\/375","targetHints":{"allow":["GET"]}}],"collection":[{"href":"https:\/\/sollalafami.com\/index.php\/wp-json\/wp\/v2\/product"}],"about":[{"href":"https:\/\/sollalafami.com\/index.php\/wp-json\/wp\/v2\/types\/product"}],"replies":[{"embeddable":true,"href":"https:\/\/sollalafami.com\/index.php\/wp-json\/wp\/v2\/comments?post=375"}],"wp:featuredmedia":[{"embeddable":true,"href":"https:\/\/sollalafami.com\/index.php\/wp-json\/wp\/v2\/media\/1115"}],"wp:attachment":[{"href":"https:\/\/sollalafami.com\/index.php\/wp-json\/wp\/v2\/media?parent=375"}],"wp:term":[{"taxonomy":"product_brand","embeddable":true,"href":"https:\/\/sollalafami.com\/index.php\/wp-json\/wp\/v2\/product_brand?post=375"},{"taxonomy":"product_cat","embeddable":true,"href":"https:\/\/sollalafami.com\/index.php\/wp-json\/wp\/v2\/product_cat?post=375"},{"taxonomy":"product_tag","embeddable":true,"href":"https:\/\/sollalafami.com\/index.php\/wp-json\/wp\/v2\/product_tag?post=375"}],"curies":[{"name":"wp","href":"https:\/\/api.w.org\/{rel}","templated":true}]}}