{"id":926,"date":"2025-10-24T11:22:37","date_gmt":"2025-10-24T09:22:37","guid":{"rendered":"https:\/\/sollalafami.com\/?post_type=product&#038;p=926"},"modified":"2025-12-31T15:36:27","modified_gmt":"2025-12-31T14:36:27","slug":"n0-bienvenue","status":"publish","type":"product","link":"https:\/\/sollalafami.com\/index.php\/produit\/n0-bienvenue\/","title":{"rendered":"N\u00b00 &#8211; Bienvenue"},"content":{"rendered":"<p style=\"text-align: left;\"><img fetchpriority=\"high\" decoding=\"async\" class=\"alignleft wp-image-1116 size-medium\" src=\"https:\/\/sollalafami.com\/wp-content\/uploads\/2025\/10\/N\u00b00-Bienvenue-web-preview-300x231.png\" alt=\"N\u00b00 - Bienvenue ; N\u00b00 - A Warm Welcome\" width=\"300\" height=\"231\" srcset=\"https:\/\/sollalafami.com\/wp-content\/uploads\/2025\/10\/N\u00b00-Bienvenue-web-preview-300x231.png 300w, https:\/\/sollalafami.com\/wp-content\/uploads\/2025\/10\/N\u00b00-Bienvenue-web-preview-1024x790.png 1024w, https:\/\/sollalafami.com\/wp-content\/uploads\/2025\/10\/N\u00b00-Bienvenue-web-preview-768x592.png 768w, https:\/\/sollalafami.com\/wp-content\/uploads\/2025\/10\/N\u00b00-Bienvenue-web-preview-600x463.png 600w, https:\/\/sollalafami.com\/wp-content\/uploads\/2025\/10\/N\u00b00-Bienvenue-web-preview.png 1237w\" sizes=\"(max-width: 300px) 100vw, 300px\" \/>\u00ab\u00a0N\u00b00 &#8211; Bienvenue\u00a0\u00bb <em>(N\u00b00 &#8211; A Warm Welcome)<\/em> est une ballade, une invitation.<\/p>\n<p style=\"text-align: left;\"><span style=\"font-family: -apple-system, BlinkMacSystemFont, 'Segoe UI', Roboto, 'Helvetica Neue', Arial, 'Noto Sans', sans-serif, 'Apple Color Emoji', 'Segoe UI Emoji', 'Segoe UI Symbol', 'Noto Color Emoji';\">Une ligne m\u00e9lodique continue, quelques traits arp\u00e9g\u00e9s, un peu de rythmiques, une tonalit\u00e9 en Do min<\/span><span style=\"font-family: -apple-system, BlinkMacSystemFont, 'Segoe UI', Roboto, 'Helvetica Neue', Arial, 'Noto Sans', sans-serif, 'Apple Color Emoji', 'Segoe UI Emoji', 'Segoe UI Symbol', 'Noto Color Emoji';\">eur. <\/span>Pi\u00e8ce accessible, avec une main gauche chantante, et une main droite qui <span style=\"font-family: -apple-system, BlinkMacSystemFont, 'Segoe UI', Roboto, 'Helvetica Neue', Arial, 'Noto Sans', sans-serif, 'Apple Color Emoji', 'Segoe UI Emoji', 'Segoe UI Symbol', 'Noto Color Emoji';\">se veut fluide et narrative. <\/span>Les petites tierces mesure 23 ne sont pas si difficiles, \u00ab\u00a0tenir\u00a0\u00bb le sol avec le pouce comme je l&rsquo;\u00e9cris vous aidera \u00e0 \u00ab\u00a0poser\u00a0\u00bb la main et \u00e0 sortir ces tierces sans raideur.<br \/>\nJ&rsquo;indique explicitement les substitutions de doigt\u00e9s \u00e0 la main gauche, proposition pour rester autant l\u00e9gato et ancr\u00e9 que possible dans la chanson de la basse.<\/p>\n<p>&nbsp;<\/p>\n<h5 style=\"text-align: left;\"><span style=\"text-decoration: underline;\">Points cl\u00e9s<\/span><\/h5>\n<p style=\"text-align: left;\" data-path-to-node=\"10\">Dans cette pi\u00e8ce, vous trouverez ces notions \u00e0 travailler, ou \u00e0 mettre en valeur<\/p>\n<ul style=\"text-align: left;\">\n<li data-path-to-node=\"11,0,0\"><b>Main gauche :<\/b> Substitutions, \u00e9carts \u00e0 l&rsquo;octave<\/li>\n<li data-path-to-node=\"11,0,0\"><strong>Main droite :<\/strong> Flux m\u00e9lodieux continu \u00e0 tenir, conduite de voix, l\u00e9g\u00e8re polyphonie, quelques tenues, quelques tierces.<\/li>\n<li data-path-to-node=\"11,0,0\"><b style=\"font-family: -apple-system, BlinkMacSystemFont, 'Segoe UI', Roboto, 'Helvetica Neue', Arial, 'Noto Sans', sans-serif, 'Apple Color Emoji', 'Segoe UI Emoji', 'Segoe UI Symbol', 'Noto Color Emoji';\">Modification de signature rythmique :<\/b><span style=\"font-family: -apple-system, BlinkMacSystemFont, 'Segoe UI', Roboto, 'Helvetica Neue', Arial, 'Noto Sans', sans-serif, 'Apple Color Emoji', 'Segoe UI Emoji', 'Segoe UI Symbol', 'Noto Color Emoji';\"> Morceau en 4\/4, passage en 5\/4 et en 2\/4<\/span><\/li>\n<li data-path-to-node=\"11,3,0\"><b>Travail lent :<\/b> Requis ! Pouvoir jouer lentement, par coeur, reste la premi\u00e8re \u00e9tape.<\/li>\n<\/ul>\n<h5 style=\"text-align: left;\"><span style=\"text-decoration: underline;\">Fiche technique<\/span><\/h5>\n<ul style=\"text-align: left;\">\n<li data-path-to-node=\"17,0,0\"><b>Tonalit\u00e9 :<\/b> Do mineur (avec modulations)<\/li>\n<li data-path-to-node=\"17,0,0\"><strong>Mesure(s) :<\/strong> 4\/4 , 5\/4 et 2\/4<\/li>\n<li><strong>Indication(s) de Tempo :<\/strong> Andante, Andante Con Moto (env. \u2669= 84)<\/li>\n<li data-path-to-node=\"17,1,0\"><b>Dur\u00e9e :<\/b> 2&rsquo;10 environ<\/li>\n<li data-path-to-node=\"17,2,0\"><b>Nb de pages:<\/b> 4<\/li>\n<li><strong>Doigt\u00e9s :<\/strong> Oui (proposition du compositeur, petite main)<\/li>\n<li data-path-to-node=\"17,3,0\"><b>Niveau :<\/b> 2\u00e8me cycle<\/li>\n<\/ul>\n<h5 style=\"text-align: left;\" data-path-to-node=\"18\"><span style=\"text-decoration: underline;\">Arrangements :<\/span><\/h5>\n<p style=\"text-align: left;\">\u00c9coutez ce morceau sur les plateformes, dans un arrangement instrumental propos\u00e9 par Strangelove :<a style=\"color: white; text-decoration: underline;\" href=\"https:\/\/music.imusician.pro\/a\/5tWdQiK0\" target=\"_blank\" rel=\"noopener\">\ud83c\udfa7 Bienvenue<\/a><\/p>\n<h3 style=\"text-align: left;\"><\/h3>\n<h5 style=\"text-align: left;\"><span style=\"text-decoration: underline;\">Partition :<\/span><\/h5>\n<p style=\"text-align: left;\">La partition est disponible imm\u00e9diatement au t\u00e9l\u00e9chargement, au prix de :<\/p>\n","protected":false},"excerpt":{"rendered":"<p>\u00c9coutez ce morceau dans sa version originale pour piano&#8230;<\/p>\n[audio mp3=\"https:\/\/sollalafami.com\/wp-content\/uploads\/2025\/10\/N\u00b00-Bienvenue.mp3\"][\/audio]\n","protected":false},"featured_media":1116,"comment_status":"open","ping_status":"closed","template":"","meta":[],"product_brand":[],"product_cat":[35],"product_tag":[],"class_list":{"0":"post-926","1":"product","2":"type-product","3":"status-publish","4":"has-post-thumbnail","6":"product_cat-piano-n2","8":"first","9":"instock","10":"downloadable","11":"virtual","12":"purchasable","13":"product-type-simple"},"_links":{"self":[{"href":"https:\/\/sollalafami.com\/index.php\/wp-json\/wp\/v2\/product\/926","targetHints":{"allow":["GET"]}}],"collection":[{"href":"https:\/\/sollalafami.com\/index.php\/wp-json\/wp\/v2\/product"}],"about":[{"href":"https:\/\/sollalafami.com\/index.php\/wp-json\/wp\/v2\/types\/product"}],"replies":[{"embeddable":true,"href":"https:\/\/sollalafami.com\/index.php\/wp-json\/wp\/v2\/comments?post=926"}],"wp:featuredmedia":[{"embeddable":true,"href":"https:\/\/sollalafami.com\/index.php\/wp-json\/wp\/v2\/media\/1116"}],"wp:attachment":[{"href":"https:\/\/sollalafami.com\/index.php\/wp-json\/wp\/v2\/media?parent=926"}],"wp:term":[{"taxonomy":"product_brand","embeddable":true,"href":"https:\/\/sollalafami.com\/index.php\/wp-json\/wp\/v2\/product_brand?post=926"},{"taxonomy":"product_cat","embeddable":true,"href":"https:\/\/sollalafami.com\/index.php\/wp-json\/wp\/v2\/product_cat?post=926"},{"taxonomy":"product_tag","embeddable":true,"href":"https:\/\/sollalafami.com\/index.php\/wp-json\/wp\/v2\/product_tag?post=926"}],"curies":[{"name":"wp","href":"https:\/\/api.w.org\/{rel}","templated":true}]}}